{"id":4871,"date":"2017-12-13T12:36:42","date_gmt":"2017-12-13T11:36:42","guid":{"rendered":"http:\/\/terre-di-toscana.com\/terreditoscana\/?page_id=4871"},"modified":"2018-04-04T10:34:59","modified_gmt":"2018-04-04T08:34:59","slug":"privacy-disclaimer","status":"publish","type":"page","link":"https:\/\/terre-di-toscana.com\/terreditoscana\/privacy-disclaimer\/","title":{"rendered":"Privacy Disclaimer"},"content":{"rendered":"<section class=\"wpb-content-wrapper\"><p>[vc_row][vc_column width=&#8221;5\/6&#8243;][vc_column_text]<\/p>\n<h3>Informativa Privacy ai sensi dell\u2019art.13 D.lgs. 196\/2003<\/h3>\n<p>Il Consorzio Terre di Toscana \u00e8 consapevole dell\u2019importanza della tutela dei dati personali e, considerato che internet \u00e8 potenzialmente un grande strumento di scambio e circolazione di informazioni, si impegna a rispettare le regole di condotta sancite dal decreto legislativo 30 giugno 2003 n\u00b0 196 (codice in materia di protezione dei dati personali) dirette ad assicurare una controllata e garantita navigazione in rete nonch\u00e9 la tutela delle persone e degli altri soggetti indicati da detta normativa, con riferimento al trattamento dei dati personali.<br \/>\nTale trattamento sar\u00e0 improntato, in armonia con la normativa indicata, ai principi di correttezza, liceit\u00e0 e di tutela dei diritti dei soggetti ivi previsti. Consorzio Terre di Toscana desidera, inoltre, informarLa che i Suoi dati personali saranno trattati nel rispetto delle normative vigenti, nelle forme e nei limiti prescritti dalla legge.<br \/>\nAi sensi dell\u2019articolo 13 del D.lgs. n.196\/2003, ove applicabile, Le forniamo le seguenti informazioni:<\/p>\n<p>1. I dati da Lei forniti verranno trattati per la Sua registrazione al sito, per consentirLe l\u2019accesso all\u2019area riservata del dominio terre-di-toscana.com nonch\u00e9 la fruizione del servizio di informazione che il sito si propone in relazione alle tematiche ed alle finalit\u00e0 che il Consorzio Terre di Toscana tratta. Tale servizio informativo potr\u00e0 avvenire anche tramite newsletter o invio di e-mail allo scopo di promuovere le iniziative poste in essere dalla nostra azienda, ovvero allo scopo di promuovere convegni o studi, approfondimenti sulle tematiche di nostro interesse quand\u2019anche provenienti da soggetti terzi.<br \/>\nLe informazioni da noi inviate potranno rivestire anche carattere commerciale.<br \/>\nIl trattamento dei suoi dati potr\u00e0, inoltre, essere finalizzato all\u2019adempimento di obblighi civilistici, fiscali, contabili nonch\u00e9 di gestione amministrativa conseguenti ad eventuali rapporti giuridici che potranno essere instaurati in occasione della Sua navigazione sul dominio terre-di-toscana.com .<\/p>\n<p>2. Il trattamento sar\u00e0 effettuato sia manualmente sia con l\u2019ausilio di supporti informatici sempre nel rispetto delle prescrizioni di cui all\u2019art.11 D.lgs. n.196\/2003. I dati personali raccolti con la presente registrazione potranno essere trattati da incaricati del trattamento preposti alla gestione dei servizi richiesti ed alle attivit\u00e0 di marketing.<\/p>\n<p>3. Il conferimento dei dati \u00e8:<\/p>\n<p>\u2013 obbligatorio relativamente ai dati identificati come \u201ccampi obbligatori\u201d e l\u2019eventuale rifiuto di fornire tali dati comporter\u00e0 la mancata esecuzione della registrazione o dell&#8217;invio di messaggi di richiesta informazioni; ci\u00f2 in quanto i dati in oggetto assumono valenza identificativa per consentirLe l\u2019accesso all\u2019area riservata del sito o per identificarLa in caso di nostra risposta;<br \/>\n\u2013 facoltativo relativamente ai dati identificati come \u201ccampi facoltativi\u201d; l\u2019eventuale omessa fornitura di tali dati non pregiudicher\u00e0 l\u2019erogazione del servizio.<\/p>\n<p>4. I dati potranno essere comunicati:<br \/>\n\u2013 a societ\u00e0 controllate e collegate, soggetti privati, associazioni, fondazioni enti od organismi senza scopi di lucro, persone giuridiche, societ\u00e0 di persone o di capitali, imprese individuali esclusivamente per i fini connessi all\u2019erogazione del servizio cui Lei ha aderito;<br \/>\n\u2013 a soggetti privati e persone giuridiche che svolgono attivit\u00e0 strumentali connesse o di supporto a quelle svolte da Consorzio Terre di Toscana per l\u2019esecuzione delle operazioni o dei servizi cui Lei ha aderito, le quali agiranno quali autonomi titolari del trattamento dei dati conferiti;<br \/>\n\u2013 a enti e organismi pubblici che hanno per legge, regolamento, direttiva comunitaria obbligo o diritto a conoscerli.<\/p>\n<p>5. Il titolare del trattamento \u00e8 Consorzio Terre di Toscana P.le Rossaro, 2, 53021 Abbadia San Salvatore (Siena), telefono: 0577 778324; fax: 0577 775221, e-mail: info@terreditoscana.net .<br \/>\n6. Il titolare ed il responsabile del trattamento non assumono alcuna responsabilit\u00e0 in ordine a dati inveritieri forniti direttamente dall\u2019utente, nonch\u00e9 nell\u2019eventualit\u00e0 che i dati Lei riguardanti siano stati forniti, anche senza il Suo assenso o contro la Sua volont\u00e0, da un soggetto terzo.<\/p>\n<p>7. I dati oggetto di trattamento potranno essere trasferiti anche in Paesi dell\u2019UE od in paesi terzi, ed il Suo consenso si intende fornito anche ex. Art. 43 c.1 lettera a) dlgs 196\/03.<\/p>\n<p>8. In ogni momento i soggetti destinatari delle tutele di cui al D.lgs.196\/2003 potranno esercitare i diritti previsti dall\u2019art. 7 e s.m.i. che per comodit\u00e0 sono riprodotti di seguito:<br \/>\n\u201cL\u2019interessato ha diritto di ottenere la conferma dell\u2019esistenza o meno di dati personali che lo riguardano, anche se non ancora registrati, e la loro comunicazione in forma intelligibile.<\/p>\n<p>L\u2019interessato ha diritto di ottenere l\u2019indicazione:<br \/>\na) dell\u2019origine dei dati personali;<br \/>\nb) delle finalit\u00e0 e modalit\u00e0 del trattamento;<br \/>\nc) della logica applicata in caso di trattamento effettuato con l\u2019ausilio di strumenti elettronici;<br \/>\nd) degli estremi identificativi del titolare, dei responsabili e del rappresentante designato ai sensi dell\u2019articolo 5, comma 2;<br \/>\ne) dei soggetti o delle categorie di soggetti ai quali i dati personali possono essere comunicati o che possono venirne a conoscenza in qualit\u00e0 di rappresentante designato nel territorio dello Stato, di responsabili o incaricati.<\/p>\n<p>L\u2019interessato ha diritto di ottenere:<br \/>\na) l\u2019aggiornamento, la rettificazione ovvero, quando vi ha interesse, l\u2019integrazione dei dati;<br \/>\nb) la cancellazione, la trasformazione in forma anonima o il blocco dei dati trattati in violazione di legge, compresi quelli di cui non \u00e8 necessaria la conservazione in relazione agli scopi per i quali i dati sono stati raccolti o successivamente trattati;<br \/>\nc) l\u2019attestazione che le operazioni di cui alle lettere a) e b) sono state portate a conoscenza, anche per quanto riguarda il loro contenuto, di coloro ai quali i dati sono stati comunicati o diffusi, eccettuato il caso in cui tale adempimento si rivela impossibile o comporta un impiego di mezzi manifestamente sproporzionato rispetto al diritto tutelato.<br \/>\nL\u2019interessato ha diritto di opporsi, in tutto o in parte:<br \/>\na) per motivi legittimi al trattamento dei dati personali che lo riguardano, ancorch\u00e9 pertinenti allo scopo della raccolta;<br \/>\nb) al trattamento di dati personali che lo riguardano a fini di invio di materiale pubblicitario o di vendita diretta o per il compimento di ricerche di mercato o di comunicazione commerciale\u201d.<\/p>\n<h3>Disclaimer Privacy Google Analytics<\/h3>\n<p>Questo sito web utilizza Google Analytics, un servizio di analisi web fornito da Google, Inc. (\u201cGoogle\u201d).<\/p>\n<p>Google Analytics utilizza dei \u201ccookies\u201d, che sono file di testo che vengono depositati sul Vostro computer per consentire al sito web di analizzare come gli utenti utilizzano il sito. Le informazioni generate dal cookie sull\u2019utilizzo del sito web da parte Vostra (compreso il Vostro indirizzo IP) verranno trasmesse a, e depositate presso i server di Google negli Stati Uniti.<\/p>\n<p>Google utilizzer\u00e0 queste informazioni allo scopo di tracciare e esaminare il Vostro utilizzo del sito web, compilare report sulle attivit\u00e0 del sito web per gli operatori del sito web e fornire altri servizi relativi alle attivit\u00e0 del sito web e all\u2019utilizzo di Internet.<\/p>\n<p>Google pu\u00f2 anche trasferire queste informazioni a terzi ove ci\u00f2 sia imposto dalla legge o laddove tali terzi trattino le suddette informazioni per conto di Google.<\/p>\n<p>Google non assocer\u00e0 il vostro indirizzo IP a nessun altro dato posseduto da Google.<\/p>\n<p>Potete rifiutarvi di usare i cookies selezionando l\u2019impostazione appropriata sul vostro browser, ma ci\u00f2 potrebbe impedirvi di utilizzare tutte le funzionalit\u00e0 di questo sito web. Utilizzando il presente sito web, voi acconsentite al trattamento dei Vostri dati da parte di Google per le modalit\u00e0 e i fini sopraindicati.[\/vc_column_text][\/vc_column][vc_column width=&#8221;1\/6&#8243;][\/vc_column][\/vc_row]<\/p>\n<\/section>","protected":false},"excerpt":{"rendered":"<p>[vc_row][vc_column width=&#8221;5\/6&#8243;][vc_column_text] Informativa Privacy ai sensi dell\u2019art.13 D.lgs. 196\/2003 Il Consorzio Terre di Toscana \u00e8 consapevole dell\u2019importanza della tutela dei dati personali e, considerato che internet \u00e8 potenzialmente un grande strumento di scambio e circolazione di informazioni, si impegna a rispettare le regole di condotta sancite dal decreto legislativo 30 giugno 2003 n\u00b0 196 (codice&hellip;<\/p>\n","protected":false},"author":1,"featured_media":0,"parent":0,"menu_order":0,"comment_status":"closed","ping_status":"closed","template":"","meta":[],"_links":{"self":[{"href":"https:\/\/terre-di-toscana.com\/terreditoscana\/wp-json\/wp\/v2\/pages\/4871"}],"collection":[{"href":"https:\/\/terre-di-toscana.com\/terreditoscana\/wp-json\/wp\/v2\/pages"}],"about":[{"href":"https:\/\/terre-di-toscana.com\/terreditoscana\/wp-json\/wp\/v2\/types\/page"}],"author":[{"embeddable":true,"href":"https:\/\/terre-di-toscana.com\/terreditoscana\/wp-json\/wp\/v2\/users\/1"}],"replies":[{"embeddable":true,"href":"https:\/\/terre-di-toscana.com\/terreditoscana\/wp-json\/wp\/v2\/comments?post=4871"}],"version-history":[{"count":3,"href":"https:\/\/terre-di-toscana.com\/terreditoscana\/wp-json\/wp\/v2\/pages\/4871\/revisions"}],"predecessor-version":[{"id":7314,"href":"https:\/\/terre-di-toscana.com\/terreditoscana\/wp-json\/wp\/v2\/pages\/4871\/revisions\/7314"}],"wp:attachment":[{"href":"https:\/\/terre-di-toscana.com\/terreditoscana\/wp-json\/wp\/v2\/media?parent=4871"}],"curies":[{"name":"wp","href":"https:\/\/api.w.org\/{rel}","templated":true}]}}