{"id":4828,"date":"2017-12-12T19:24:15","date_gmt":"2017-12-12T18:24:15","guid":{"rendered":"http:\/\/terre-di-toscana.com\/terreditoscana\/?page_id=4828"},"modified":"2018-04-05T16:11:05","modified_gmt":"2018-04-05T14:11:05","slug":"da-vedere","status":"publish","type":"page","link":"https:\/\/terre-di-toscana.com\/terreditoscana\/da-vedere\/","title":{"rendered":"Da vedere!"},"content":{"rendered":"<section class=\"wpb-content-wrapper\"><p>[vc_row][vc_column width=&#8221;2\/3&#8243;][vc_column_text]Ci sono luoghi magici, uno di questi \u00e8 la Torre Giurisdavidica, costruita dal &#8220;profeta dell&#8217;Amiata&#8221; David Lazzaretti ed i suoi seguaci pi\u00f9 di cento anni fa.<\/p>\n<p>Lazzaretti un\u00ec una profonda spiritualit\u00e0 all&#8217;aspirazione di giustizia sociale che stava diventando sempre pi\u00f9 forte, in quei tempi, in tutta Europa.<\/p>\n<p>In atri luoghi invece l&#8217;arte contemporanea \u00e8 entrata in contatto con la natura, come nel giardino di Daniel Spoerri, dove la natura che affianca ampi spazi erbosi e rigogliosi boschetti, dialoga costantemente con le sculture in bronzo che l&#8217;artista vi ha collocato. Sono sicuramente luoghi da vedere\u00a0 di cui qui sotto potrete trovare tutte le informazioni pi\u00f9 importanti.[\/vc_column_text][\/vc_column][vc_column width=&#8221;1\/3&#8243;]<style type=\"text\/css\" data-type=\"the7_shortcodes-inline-css\">.shortcode-single-image-wrap.shortcode-single-image-ee3e5c5851d6f960cfb6d8d1ab4cae83.enable-bg-rollover .rollover i,\n.shortcode-single-image-wrap.shortcode-single-image-ee3e5c5851d6f960cfb6d8d1ab4cae83.enable-bg-rollover .rollover-video i {\n  background: ;\n  background: -webkit-linear-gradient();\n  background: linear-gradient();\n}\n.shortcode-single-image-wrap.shortcode-single-image-ee3e5c5851d6f960cfb6d8d1ab4cae83 .rollover-icon {\n  font-size: 32px;\n  color: #ffffff;\n  min-width: 44px;\n  min-height: 44px;\n  line-height: 44px;\n  border-radius: 100px;\n  border-style: solid;\n  border-width: 0px;\n}\n.dt-icon-bg-on.shortcode-single-image-wrap.shortcode-single-image-ee3e5c5851d6f960cfb6d8d1ab4cae83 .rollover-icon {\n  background: rgba(255,255,255,0.3);\n  -webkit-box-shadow: none;\n  box-shadow: none;\n}\n<\/style><div class=\"shortcode-single-image-wrap shortcode-single-image-ee3e5c5851d6f960cfb6d8d1ab4cae83 alignnone  enable-bg-rollover dt-icon-bg-off\" style=\"margin-top:0px; margin-bottom:0px; margin-left:0px; margin-right:0px; width:500px;\"><div class=\"shortcode-single-image\"><div class=\"fancy-media-wrap\" style=\"\"><a class=\"layzr-bg rollover rollover-zoom dt-pswp-item pswp-image\" href=\"https:\/\/terre-di-toscana.com\/terreditoscana\/wp-content\/uploads\/2018\/02\/tourist.jpg\" title=\"tourist\" data-dt-img-description=\"\" data-large_image_width=\"800\" data-large_image_height = \"533\"  style=\"\"><img class=\"preload-me lazy-load aspect\" src=\"data:image\/svg+xml,%3Csvg%20xmlns%3D&#39;http%3A%2F%2Fwww.w3.org%2F2000%2Fsvg&#39;%20viewBox%3D&#39;0%200%20500%20333&#39;%2F%3E\" data-src=\"https:\/\/terre-di-toscana.com\/terreditoscana\/wp-content\/uploads\/2018\/02\/tourist-500x333.jpg\" data-srcset=\"https:\/\/terre-di-toscana.com\/terreditoscana\/wp-content\/uploads\/2018\/02\/tourist-500x333.jpg 500w, https:\/\/terre-di-toscana.com\/terreditoscana\/wp-content\/uploads\/2018\/02\/tourist.jpg 800w\" loading=\"eager\" style=\"--ratio: 500 \/ 333\" sizes=\"(max-width: 500px) 100vw, 500px\" width=\"500\" height=\"333\"  data-dt-location=\"https:\/\/terre-di-toscana.com\/terreditoscana\/da-vedere\/tourist\/\" alt=\"\" \/><\/a><\/div><\/div><\/div>[\/vc_column][\/vc_row][vc_row title=&#8221;Come prepararsi&#8221; title_align=&#8221;left&#8221; title_size=&#8221;h3&#8243; title_color=&#8221;default&#8221; separator_style=&#8221;&#8221; el_width=&#8221;100&#8243; title_bg=&#8221;disabled&#8221; separator_color=&#8221;custom&#8221; custom_separator_color=&#8221;#ffa700&#8243; custom_title_color=&#8221;&#8221;][vc_column][vc_empty_space height=&#8221;25px&#8221;]<div class=\"dt-fancy-separator title-left h3-size\" style=\"width: 100%;\"><div class=\"dt-fancy-title\"><span class=\"separator-holder separator-left\" style=\"border-color: #ffa700;\"><\/span>Alcune proposte<span class=\"separator-holder separator-right\" style=\"border-color: #ffa700;\"><\/span><\/div><\/div>[vc_empty_space height=&#8221;25px&#8221;][vc_basic_grid post_type=&#8221;post&#8221; max_items=&#8221;-1&#8243; element_width=&#8221;3&#8243; gap=&#8221;10&#8243; item=&#8221;5606&#8243; grid_id=&#8221;vc_gid:1522937449402-5f298877-2af0-9&#8243; taxonomies=&#8221;591&#8243;][\/vc_column][\/vc_row]<\/p>\n<\/section>","protected":false},"excerpt":{"rendered":"<p>[vc_row][vc_column width=&#8221;2\/3&#8243;][vc_column_text]Ci sono luoghi magici, uno di questi \u00e8 la Torre Giurisdavidica, costruita dal &#8220;profeta dell&#8217;Amiata&#8221; David Lazzaretti ed i suoi seguaci pi\u00f9 di cento anni fa. Lazzaretti un\u00ec una profonda spiritualit\u00e0 all&#8217;aspirazione di giustizia sociale che stava diventando sempre pi\u00f9 forte, in quei tempi, in tutta Europa. In atri luoghi invece l&#8217;arte contemporanea \u00e8&hellip;<\/p>\n","protected":false},"author":1,"featured_media":0,"parent":0,"menu_order":0,"comment_status":"closed","ping_status":"closed","template":"","meta":[],"_links":{"self":[{"href":"https:\/\/terre-di-toscana.com\/terreditoscana\/wp-json\/wp\/v2\/pages\/4828"}],"collection":[{"href":"https:\/\/terre-di-toscana.com\/terreditoscana\/wp-json\/wp\/v2\/pages"}],"about":[{"href":"https:\/\/terre-di-toscana.com\/terreditoscana\/wp-json\/wp\/v2\/types\/page"}],"author":[{"embeddable":true,"href":"https:\/\/terre-di-toscana.com\/terreditoscana\/wp-json\/wp\/v2\/users\/1"}],"replies":[{"embeddable":true,"href":"https:\/\/terre-di-toscana.com\/terreditoscana\/wp-json\/wp\/v2\/comments?post=4828"}],"version-history":[{"count":8,"href":"https:\/\/terre-di-toscana.com\/terreditoscana\/wp-json\/wp\/v2\/pages\/4828\/revisions"}],"predecessor-version":[{"id":7469,"href":"https:\/\/terre-di-toscana.com\/terreditoscana\/wp-json\/wp\/v2\/pages\/4828\/revisions\/7469"}],"wp:attachment":[{"href":"https:\/\/terre-di-toscana.com\/terreditoscana\/wp-json\/wp\/v2\/media?parent=4828"}],"curies":[{"name":"wp","href":"https:\/\/api.w.org\/{rel}","templated":true}]}}