{"id":4776,"date":"2017-12-12T18:56:19","date_gmt":"2017-12-12T17:56:19","guid":{"rendered":"http:\/\/terre-di-toscana.com\/terreditoscana\/?page_id=4776"},"modified":"2018-02-28T19:09:34","modified_gmt":"2018-02-28T18:09:34","slug":"terme-di-saturnia","status":"publish","type":"page","link":"https:\/\/terre-di-toscana.com\/terreditoscana\/terme-di-saturnia\/","title":{"rendered":"Terme di Saturnia"},"content":{"rendered":"<section class=\"wpb-content-wrapper\"><p>[vc_row][vc_column width=&#8221;1\/2&#8243;][vc_column_text]Come un gioiello della Maremma Toscana, ecco le splendide terme di Saturnia, oasi di lusso per i sensi \u2013 recita lo slogan dello stabilimento termale \u2013 al centro di uno dei paesaggi pi\u00f9 rinomati di tutto il mondo. Il mito narra che Saturno un giorno si adir\u00f2 con gli uomini, costantemente in guerra tra loro; prese un fulmine e lo scagli\u00f2 sulla terra, facendo zampillare dal cratere di un vulcano \u2013 l\u2019Amiata \u2013 un\u2019acqua sulfurea e tiepida che avvolse tutto, donando pace e quiete al paesaggio intorno. Da quel grembo accogliente gli uomini nacquero pi\u00f9 saggi e felici. Teatro della leggenda era appunto Saturnia, dove l\u2019acqua zampilla ancora a 800 litri al secondo a una temperatura di 37\u00b0.<\/p>\n<p>A due passi dal mare e a due passi dal monte Amiata, Saturnia presenta al visitatore delle terme un quadro non dissimile da quelli che Fattori e gli altri Macchiaioli dipinsero a fine Ottocento ispirandosi a questo paesaggio, anche se allora la Maremma, come la conosciamo noi, era in buona parte da costruire. Il lavoro umano ha bonificato e restituito alla vita una terra di morte e malattia, come raccontano nei loro romanzi Renato Fucini (nativo di Monterotondo Marittimo) e Corrado Alvaro e come ancora ricorda la canzone popolare che descrive la Maremma amara e malefica. Certo \u00e8 che oggi la Maremma, insieme alla Val d\u2019Orcia, rappresenta il countryside toscano pi\u00f9 tipico, quello che piace tanto agli inglesi e ai tedeschi, immortalato nei libri di fotografie di paesaggi e di interiorior decorations alla toscana, con i suoi panorami in cui i gialli dei girasoli si alternano agli argenti degli ulivi e ai verdi delle vigne, come in un quadro di Van Gogh e in cui la produzione tipica di vino, olio, formaggi e salumi \u00e8 divenuta una delle pi\u00f9 importanti e ricercate d\u2019Italia. Ancora, chi di noi non si abbandona al ricordo di una visione della Maremma con i suoi butteri, i bufali, i cavalli allo stato brado? Insomma, un vero e proprio clich\u00e9, ma un clich\u00e9 che \u00e8 specchio della verit\u00e0.<\/p>\n<p>[\/vc_column_text][\/vc_column][vc_column width=&#8221;1\/2&#8243;]<style type=\"text\/css\" data-type=\"the7_shortcodes-inline-css\">.shortcode-single-image-wrap.shortcode-single-image-7957ca913160cf939ae454c5d259f920.enable-bg-rollover .rollover i,\n.shortcode-single-image-wrap.shortcode-single-image-7957ca913160cf939ae454c5d259f920.enable-bg-rollover .rollover-video i {\n  background: ;\n  background: -webkit-linear-gradient();\n  background: linear-gradient();\n}\n.shortcode-single-image-wrap.shortcode-single-image-7957ca913160cf939ae454c5d259f920 .rollover-icon {\n  font-size: 32px;\n  color: #ffffff;\n  min-width: 44px;\n  min-height: 44px;\n  line-height: 44px;\n  border-radius: 100px;\n  border-style: solid;\n  border-width: 0px;\n}\n.dt-icon-bg-on.shortcode-single-image-wrap.shortcode-single-image-7957ca913160cf939ae454c5d259f920 .rollover-icon {\n  background: rgba(255,255,255,0.3);\n  -webkit-box-shadow: none;\n  box-shadow: none;\n}\n<\/style><div class=\"shortcode-single-image-wrap shortcode-single-image-7957ca913160cf939ae454c5d259f920 alignnone  enable-bg-rollover dt-icon-bg-off\" style=\"margin-top:0px; margin-bottom:0px; margin-left:0px; margin-right:0px; width:500px;\"><div class=\"shortcode-single-image\"><div class=\"fancy-media-wrap  layzr-bg\" style=\"\"><img class=\"preload-me lazy-load aspect\" src=\"data:image\/svg+xml,%3Csvg%20xmlns%3D&#39;http%3A%2F%2Fwww.w3.org%2F2000%2Fsvg&#39;%20viewBox%3D&#39;0%200%20500%20333&#39;%2F%3E\" data-src=\"https:\/\/terre-di-toscana.com\/terreditoscana\/wp-content\/uploads\/2018\/02\/saturnia-500x333.jpg\" data-srcset=\"https:\/\/terre-di-toscana.com\/terreditoscana\/wp-content\/uploads\/2018\/02\/saturnia-500x333.jpg 500w, https:\/\/terre-di-toscana.com\/terreditoscana\/wp-content\/uploads\/2018\/02\/saturnia.jpg 800w\" loading=\"eager\" sizes=\"(max-width: 500px) 100vw, 500px\" width=\"500\" height=\"333\"  data-dt-location=\"https:\/\/terre-di-toscana.com\/terreditoscana\/terme-di-saturnia\/saturnia\/\" style=\"--ratio: 500 \/ 333;\" alt=\"\" \/><\/div><\/div><\/div>[\/vc_column][\/vc_row][vc_row][vc_column width=&#8221;1\/3&#8243;]<style type=\"text\/css\" data-type=\"the7_shortcodes-inline-css\">.shortcode-single-image-wrap.shortcode-single-image-69c323e774383c38439294318bcbd483.enable-bg-rollover .rollover i,\n.shortcode-single-image-wrap.shortcode-single-image-69c323e774383c38439294318bcbd483.enable-bg-rollover .rollover-video i {\n  background: ;\n  background: -webkit-linear-gradient();\n  background: linear-gradient();\n}\n.shortcode-single-image-wrap.shortcode-single-image-69c323e774383c38439294318bcbd483 .rollover-icon {\n  font-size: 32px;\n  color: #ffffff;\n  min-width: 44px;\n  min-height: 44px;\n  line-height: 44px;\n  border-radius: 100px;\n  border-style: solid;\n  border-width: 0px;\n}\n.dt-icon-bg-on.shortcode-single-image-wrap.shortcode-single-image-69c323e774383c38439294318bcbd483 .rollover-icon {\n  background: rgba(255,255,255,0.3);\n  -webkit-box-shadow: none;\n  box-shadow: none;\n}\n<\/style><div class=\"shortcode-single-image-wrap shortcode-single-image-69c323e774383c38439294318bcbd483 alignnone  enable-bg-rollover dt-icon-bg-off\" style=\"margin-top:0px; margin-bottom:0px; margin-left:0px; margin-right:0px; width:500px;\"><div class=\"shortcode-single-image\"><div class=\"fancy-media-wrap\" style=\"\"><a class=\"layzr-bg rollover rollover-zoom dt-pswp-item pswp-image\" href=\"https:\/\/terre-di-toscana.com\/terreditoscana\/wp-content\/uploads\/2018\/02\/saturnia2.jpg\" title=\"saturnia2\" data-dt-img-description=\"\" data-large_image_width=\"800\" data-large_image_height = \"533\"  style=\"\"><img class=\"preload-me lazy-load aspect\" src=\"data:image\/svg+xml,%3Csvg%20xmlns%3D&#39;http%3A%2F%2Fwww.w3.org%2F2000%2Fsvg&#39;%20viewBox%3D&#39;0%200%20500%20333&#39;%2F%3E\" data-src=\"https:\/\/terre-di-toscana.com\/terreditoscana\/wp-content\/uploads\/2018\/02\/saturnia2-500x333.jpg\" data-srcset=\"https:\/\/terre-di-toscana.com\/terreditoscana\/wp-content\/uploads\/2018\/02\/saturnia2-500x333.jpg 500w, https:\/\/terre-di-toscana.com\/terreditoscana\/wp-content\/uploads\/2018\/02\/saturnia2.jpg 800w\" loading=\"eager\" style=\"--ratio: 500 \/ 333\" sizes=\"(max-width: 500px) 100vw, 500px\" width=\"500\" height=\"333\"  data-dt-location=\"https:\/\/terre-di-toscana.com\/terreditoscana\/terme-di-saturnia\/saturnia2\/\" alt=\"\" \/><\/a><\/div><\/div><\/div>[\/vc_column][vc_column width=&#8221;1\/3&#8243;][vc_column_text]\u00c8 anche la terra pi\u00f9 antica della Toscana, quella in cui le tracce etrusche sono pi\u00f9 evidenti e palpabili. Tutto intorno a Saturnia, il Parco del Tufo parla non solo dei modi e delle usanze etrusche, ma anche di una civilt\u00e0 ebraica molto radicata, in parte esistente tuttora: Sovana, Sorano, Pitigliano sono tre testimonianze di periodi storici diversi e ricchissimi, che \u2013 dopo gli Etruschi e le comunit\u00e0 ebraiche \u2013 proseguono con una fitta storia medievale, governata per lo pi\u00f9 dalla potente famiglia degli Orsini.<\/p>\n<p>E poi, subito dopo, la grandiosa Montemerano, con il castello medievale e la torre pendente trecentesca; Manciano delle streghe (dove si va si vede, dice un adagio per la posizione dominante del luogo); Rocchette di Fazio e Semproniano.[\/vc_column_text][\/vc_column][vc_column width=&#8221;1\/3&#8243;][vc_column_text]\u00c8 la terra del Morellino, il vino prodotto a Scansano, un rosso a base di sangiovese, cannaiolo e malvasia, rinomato in tutto il mondo. Rocchette, costruita su una roccia che domina l\u2019Albegna, offre una vista che spazia su tutta la Maremma.<\/p>\n<p>Per quanto piccola, \u00e8 adorna di numerosi edifici medievali, come l\u2019Ospedale di San Bartolommeo, fondato nel 1330, la porta del castello del XII secolo, il bellissimo Palazzo Pretorio e la pieve romanica di Santa Cristina, con affreschi danneggiati del XV secolo.[\/vc_column_text][\/vc_column][\/vc_row][vc_row][vc_column width=&#8221;2\/3&#8243;][vc_column_text]La zona non soddisfer\u00e0 solo gli amanti dell\u2019arte, ma anche tutti i naturalisti, data la sua ricchezza nel campo della flora e della fauna (in particolare gli uccelli predatori). Semproniano \u00e8 infine uno dei luoghi pi\u00f9 incontaminati dell\u2019Amiata. Numerosi sono ancora i pastori e non \u00e8 difficile osservare greggi di pecore sparse nei campi verdissimi, color smeraldo. Situata a 600 metri di altezza circa, si allarga tutto attorno alle rovine del suo castello aldobrandesco, anche se le mura furono rase al suolo dai senesi nel 1455. Ricordata sin dal 1189 la chiesa di Santa Croce, mentre la chiesa di San Vincenzo contiene opere come la Madonna del Rosario di Francesco Vanni del 1609.<\/p>\n<p>Dopo la visita, un bagno nell\u2019acqua divina di Saturnia, una stazione termale di acqua sulfurea conosciuta sin dall\u2019antichit\u00e0. Addirittura, secondo Dionigi di Alicarnasso, Saturnia sarebbe stata fondata dai mitici Pelasgi prima dell\u2019arrivo degli Etruschi e a loro sarebbero da attribuire le mura megalitiche ancora visibili a fianco della Porta Romana. Il villaggio di Saturnia fu poi una importante citt\u00e0 etrusca, come testimoniano le numerose necropoli sparse intorno e divenne quindi colonia romana nel III secolo a. C. Attraverso la Porta Romana passava la Via Clodia. Nel Medioevo fu, com\u2019\u00e8 naturale, saccheggiata dai senesi e poi ricostruita.<\/p>\n<p>Vicino al prestigioso Hotel Terme, dove \u00e8 possibile sottoporsi a qualsiasi tipo di trattamento estetico e cura (numerosi i programmi e i suggerimenti, dalla remise en forme al programma fitness), le Cascate del Gorello, ai piedi di un antico mulino, offrono benessere gratis a tutti i visitatori: le acque calde cadono in cascate lungo rocce imbiancate dal passaggio dell\u2019acqua sulfurea, creando piscine naturali.<\/p>\n<p>La sorgente che alimenta le Terme di Saturnia \u00e8 una sola e sgorga alla temperatura naturale di 37-38\u00b0C con una portata di 600-800 litri al secondo. Si tratta di un\u2019acqua solfato-bicarbonato-calcio-magnesiaca, sulfurea termale, la cui caratteristica principale \u00e8 la presenza di idrogeno solforato, molto indicato per la stimolazione del sistema vagale, del sistema reticolo-endoteliale, per l\u2019azione trofica sui tessuti connettivali, per l\u2019aumento del trofismo mucoso e per attivit\u00e0 antisettica e antitossica. \u00c8 presente anche l\u2019anidride carbonica. Altre indicazioni cliniche riguardano le malattie dell\u2019apparato digerente, del fegato e delle vie biliari, del ricambio, le malattie cutanee, le parodontopatie, le malattie dell\u2019apparato respiratorio, quelle dell\u2019apparato locomotore e quelle dell\u2019apparato circolatorio. A Saturnia \u00e8 possibile usufruire anche del multijet (180 getti d\u2019acqua diffusi su tutto il corpo per un idromassaggio completo non solo estetico) e del Thermalion (utilizzato nella terapia dell\u2019insufficienza flebolinfatica degli arti inferiori). Ma naturalmente, meglio di tutto, \u00e8 abbandonarsi al relax del centro benessere e al lusso sfrenato di questo antico, superbo pezzetto di Maremma.[\/vc_column_text][\/vc_column][vc_column width=&#8221;1\/3&#8243;][vc_video link=&#8221;https:\/\/www.youtube.com\/watch?v=PiNJZ4vg5ts&#8221;][vc_empty_space]<style type=\"text\/css\" data-type=\"the7_shortcodes-inline-css\">.shortcode-single-image-wrap.shortcode-single-image-41db50455a10a8000b7c4330ec90d8a2.enable-bg-rollover .rollover i,\n.shortcode-single-image-wrap.shortcode-single-image-41db50455a10a8000b7c4330ec90d8a2.enable-bg-rollover .rollover-video i {\n  background: ;\n  background: -webkit-linear-gradient();\n  background: linear-gradient();\n}\n.shortcode-single-image-wrap.shortcode-single-image-41db50455a10a8000b7c4330ec90d8a2 .rollover-icon {\n  font-size: 32px;\n  color: #ffffff;\n  min-width: 44px;\n  min-height: 44px;\n  line-height: 44px;\n  border-radius: 100px;\n  border-style: solid;\n  border-width: 0px;\n}\n.dt-icon-bg-on.shortcode-single-image-wrap.shortcode-single-image-41db50455a10a8000b7c4330ec90d8a2 .rollover-icon {\n  background: rgba(255,255,255,0.3);\n  -webkit-box-shadow: none;\n  box-shadow: none;\n}\n<\/style><div class=\"shortcode-single-image-wrap shortcode-single-image-41db50455a10a8000b7c4330ec90d8a2 alignnone  enable-bg-rollover dt-icon-bg-off\" style=\"margin-top:0px; margin-bottom:0px; margin-left:0px; margin-right:0px; width:500px;\"><div class=\"shortcode-single-image\"><div class=\"fancy-media-wrap  layzr-bg\" style=\"\"><img class=\"preload-me lazy-load aspect\" src=\"data:image\/svg+xml,%3Csvg%20xmlns%3D&#39;http%3A%2F%2Fwww.w3.org%2F2000%2Fsvg&#39;%20viewBox%3D&#39;0%200%20500%20333&#39;%2F%3E\" data-src=\"https:\/\/terre-di-toscana.com\/terreditoscana\/wp-content\/uploads\/2018\/02\/saturnia3-500x333.jpg\" data-srcset=\"https:\/\/terre-di-toscana.com\/terreditoscana\/wp-content\/uploads\/2018\/02\/saturnia3-500x333.jpg 500w, https:\/\/terre-di-toscana.com\/terreditoscana\/wp-content\/uploads\/2018\/02\/saturnia3.jpg 800w\" loading=\"eager\" sizes=\"(max-width: 500px) 100vw, 500px\" width=\"500\" height=\"333\"  data-dt-location=\"https:\/\/terre-di-toscana.com\/terreditoscana\/terme-di-saturnia\/saturnia3\/\" style=\"--ratio: 500 \/ 333;\" alt=\"\" \/><\/div><\/div><\/div>[\/vc_column][\/vc_row]<\/p>\n<\/section>","protected":false},"excerpt":{"rendered":"<p>[vc_row][vc_column width=&#8221;1\/2&#8243;][vc_column_text]Come un gioiello della Maremma Toscana, ecco le splendide terme di Saturnia, oasi di lusso per i sensi \u2013 recita lo slogan dello stabilimento termale \u2013 al centro di uno dei paesaggi pi\u00f9 rinomati di tutto il mondo. Il mito narra che Saturno un giorno si adir\u00f2 con gli uomini, costantemente in guerra tra&hellip;<\/p>\n","protected":false},"author":1,"featured_media":0,"parent":0,"menu_order":0,"comment_status":"closed","ping_status":"closed","template":"","meta":[],"_links":{"self":[{"href":"https:\/\/terre-di-toscana.com\/terreditoscana\/wp-json\/wp\/v2\/pages\/4776"}],"collection":[{"href":"https:\/\/terre-di-toscana.com\/terreditoscana\/wp-json\/wp\/v2\/pages"}],"about":[{"href":"https:\/\/terre-di-toscana.com\/terreditoscana\/wp-json\/wp\/v2\/types\/page"}],"author":[{"embeddable":true,"href":"https:\/\/terre-di-toscana.com\/terreditoscana\/wp-json\/wp\/v2\/users\/1"}],"replies":[{"embeddable":true,"href":"https:\/\/terre-di-toscana.com\/terreditoscana\/wp-json\/wp\/v2\/comments?post=4776"}],"version-history":[{"count":10,"href":"https:\/\/terre-di-toscana.com\/terreditoscana\/wp-json\/wp\/v2\/pages\/4776\/revisions"}],"predecessor-version":[{"id":6927,"href":"https:\/\/terre-di-toscana.com\/terreditoscana\/wp-json\/wp\/v2\/pages\/4776\/revisions\/6927"}],"wp:attachment":[{"href":"https:\/\/terre-di-toscana.com\/terreditoscana\/wp-json\/wp\/v2\/media?parent=4776"}],"curies":[{"name":"wp","href":"https:\/\/api.w.org\/{rel}","templated":true}]}}