{"id":4728,"date":"2017-12-12T14:37:09","date_gmt":"2017-12-12T13:37:09","guid":{"rendered":"http:\/\/terre-di-toscana.com\/terreditoscana\/?page_id=4728"},"modified":"2018-04-03T13:24:37","modified_gmt":"2018-04-03T11:24:37","slug":"pesca-sportiva","status":"publish","type":"page","link":"https:\/\/terre-di-toscana.com\/terreditoscana\/pesca-sportiva\/","title":{"rendered":"Pesca sportiva"},"content":{"rendered":"<section class=\"wpb-content-wrapper\"><p>[vc_row][vc_column width=&#8221;2\/3&#8243;]<div class=\"dt-fancy-separator title-left h3-size\" style=\"width: 100%;\"><div class=\"dt-fancy-title\"><span class=\"separator-holder separator-left\" style=\"border-color: #ffa700;\"><\/span>Un luogo ideale per la pesca alla Trota<span class=\"separator-holder separator-right\" style=\"border-color: #ffa700;\"><\/span><\/div><\/div>[vc_empty_space height=&#8221;25px&#8221;][vc_column_text]Il Monte Amiata porta con se due fattori importanti per la pesca sportiva: la quota ed i bacini idrici che vanno a formare laghetti naturali e fossi in cui la trota trova il suo habitat naturale.<\/p>\n<p>Grazie a questo la pesca alla trota \u00e8 possibile tutto l&#8217;anno ed in contesti naturali che coincidono con il naturale sviluppo delle prede.<\/p>\n<p>La pesca sportiva sul Monte Amiata \u00e8 possibile in varie strutture attrezzate, nello specifico:<\/p>\n<h3><b>Abbadia San Salvatore<\/b><\/h3>\n<p><strong><em>Il &#8220;laghetto verde&#8221;<\/em><\/strong> fu costruito dalla Societ\u00e0 mineraria Monte Amiata agli inizi del XX secolo per produrre energia idroelettrica.\u00a0La zona adesso \u00e8 stata trasformata in un parco ed il laghetto, in estate, \u00e8\u00a0 diventato la meta ideale per gli appassionati di pesca sportiva; i pesci che si possono pescare sono trote e carpe. Anche chi non possiede una canna da pesca pu\u00f2 comunque noleggiarla in loco grazie al servizio offerto dai gestori.\u00a0Qui \u00e8 possibile anche fare picnic e rilassarsi al fresco e perch\u00e9 no, fare magari due passi nel bosco, imboccando il vicinissimo sentiero UISP della Miniera.<\/p>\n<style type=\"text\/css\" data-type=\"the7_shortcodes-inline-css\">#default-btn-ef5fd29521334da6b7c607816355ac3b.ico-right-side > i {\n  margin-right: 0px;\n  margin-left: 8px;\n}\n#default-btn-ef5fd29521334da6b7c607816355ac3b > i {\n  margin-right: 8px;\n}\n<\/style><a href=\"https:\/\/www.facebook.com\/laghetto.verde\" class=\"default-btn-shortcode dt-btn dt-btn-s fadeIn animate-element animation-builder link-hover-off \" id=\"default-btn-ef5fd29521334da6b7c607816355ac3b\"><i class=\"fa fa-chevron-circle-right\"><\/i><span>Vai alla pagina Facebook<\/span><\/a>\n<p>&nbsp;<\/p>\n<h3><b>Piancastagnaio<\/b><\/h3>\n<p><b><i>&#8220;I chiostri&#8221;<\/i><\/b> \u00e8 un laghetto che sorge lungo la discesa a valle che va da Piancastagnaio verso la Cassia. Ha recentemente cambiato gestione e si pone come un ottimo luogo per la pesca sportiva in completa comodit\u00e0. Sono disponibili griglie per i pasti, esche in loco e varie attrezzature a noleggio e in vendita.<\/p>\n<p><i><b>&#8220;L&#8217;incantesimo del Lago&#8221;<\/b><\/i>\u00a0\u00e8 situato nella periferia di Piancastagnaio. Qui \u00e8 possibile pescare trote, carpe, storioni di diverse taglie. All&#8217;interno c&#8217;\u00e8 anche un piccolo chiosco in cui \u00e8 possibile prendere bevande ed esche per la pesca.<\/p>\n<style type=\"text\/css\" data-type=\"the7_shortcodes-inline-css\">#default-btn-c060e32d7b9e60229c9feacc50749a68.ico-right-side > i {\n  margin-right: 0px;\n  margin-left: 8px;\n}\n#default-btn-c060e32d7b9e60229c9feacc50749a68 > i {\n  margin-right: 8px;\n}\n<\/style><a href=\"https:\/\/www.facebook.com\/LINCANTESIMO-DEL-LAGO-146491535455921\/\" class=\"default-btn-shortcode dt-btn dt-btn-s fadeIn animate-element animation-builder link-hover-off \" id=\"default-btn-c060e32d7b9e60229c9feacc50749a68\"><i class=\"fa fa-chevron-circle-right\"><\/i><span>Pagina Facebook<\/span><\/a>\n<p>&nbsp;<\/p>\n<h3><b>Santa Fiora<\/b><\/h3>\n<p><b style=\"font-style: italic;\">&#8220;I Ginestreti&#8221; &#8211; <\/b>Pesca sportiva di trote, con bar e area pic-nic. Vengono organizzate gare dilettantistiche anche con trote fino 5kg!!!<\/p>\n<p><style type=\"text\/css\" data-type=\"the7_shortcodes-inline-css\">#default-btn-ce8f7871427496a05e08f7e3e34f1515.ico-right-side > i {\n  margin-right: 0px;\n  margin-left: 8px;\n}\n#default-btn-ce8f7871427496a05e08f7e3e34f1515 > i {\n  margin-right: 8px;\n}\n<\/style><a href=\"https:\/\/www.facebook.com\/pg\/laghettoPescaiGinestretiSantaFioraAmiataTrote\/about\/?ref=page_internal\" class=\"default-btn-shortcode dt-btn dt-btn-s fadeIn animate-element animation-builder link-hover-off \" id=\"default-btn-ce8f7871427496a05e08f7e3e34f1515\"><i class=\"fa fa-chevron-circle-right\"><\/i><span>Pagina Facebook<\/span><\/a>[\/vc_column_text][\/vc_column][vc_column width=&#8221;1\/3&#8243;][vc_media_grid element_width=&#8221;12&#8243; grid_id=&#8221;vc_gid:1522754632402-9b9713a3-5326-4&#8243; include=&#8221;7240,7241,7242&#8243;][\/vc_column][\/vc_row]<\/p>\n<\/section>","protected":false},"excerpt":{"rendered":"<p>[vc_row][vc_column width=&#8221;2\/3&#8243;][vc_empty_space height=&#8221;25px&#8221;][vc_column_text]Il Monte Amiata porta con se due fattori importanti per la pesca sportiva: la quota ed i bacini idrici che vanno a formare laghetti naturali e fossi in cui la trota trova il suo habitat naturale. Grazie a questo la pesca alla trota \u00e8 possibile tutto l&#8217;anno ed in contesti naturali che coincidono&hellip;<\/p>\n","protected":false},"author":1,"featured_media":0,"parent":0,"menu_order":0,"comment_status":"closed","ping_status":"closed","template":"","meta":[],"_links":{"self":[{"href":"https:\/\/terre-di-toscana.com\/terreditoscana\/wp-json\/wp\/v2\/pages\/4728"}],"collection":[{"href":"https:\/\/terre-di-toscana.com\/terreditoscana\/wp-json\/wp\/v2\/pages"}],"about":[{"href":"https:\/\/terre-di-toscana.com\/terreditoscana\/wp-json\/wp\/v2\/types\/page"}],"author":[{"embeddable":true,"href":"https:\/\/terre-di-toscana.com\/terreditoscana\/wp-json\/wp\/v2\/users\/1"}],"replies":[{"embeddable":true,"href":"https:\/\/terre-di-toscana.com\/terreditoscana\/wp-json\/wp\/v2\/comments?post=4728"}],"version-history":[{"count":9,"href":"https:\/\/terre-di-toscana.com\/terreditoscana\/wp-json\/wp\/v2\/pages\/4728\/revisions"}],"predecessor-version":[{"id":7245,"href":"https:\/\/terre-di-toscana.com\/terreditoscana\/wp-json\/wp\/v2\/pages\/4728\/revisions\/7245"}],"wp:attachment":[{"href":"https:\/\/terre-di-toscana.com\/terreditoscana\/wp-json\/wp\/v2\/media?parent=4728"}],"curies":[{"name":"wp","href":"https:\/\/api.w.org\/{rel}","templated":true}]}}