{"id":4689,"date":"2017-12-12T14:28:21","date_gmt":"2017-12-12T13:28:21","guid":{"rendered":"http:\/\/terre-di-toscana.com\/terreditoscana\/?page_id=4689"},"modified":"2018-05-08T14:15:39","modified_gmt":"2018-05-08T12:15:39","slug":"sci-di-fondo","status":"publish","type":"page","link":"https:\/\/terre-di-toscana.com\/terreditoscana\/sci-di-fondo\/","title":{"rendered":"Sci di Fondo"},"content":{"rendered":"<section class=\"wpb-content-wrapper\"><p>[vc_row][vc_column width=&#8221;1\/2&#8243;][vc_column_text]A tutti coloro che amano lo sci nordico la Scuola di Sci Monte Amiata ARXHE&#8217; 515 offre maestri preparati e possibilit\u00e0 di noleggio attrezzatura.<\/p>\n<p><strong>Il fondo non \u00e8 velocit\u00e0, non \u00e8 frenesia, \u00e8 soprattutto conoscenza e rispetto della natura, amore per la neve e per l\u2019ambiente circostante.<\/strong><\/p>\n<p>Questo diverso modo di sciare permette a tutti di poter vivere la montagna d\u2019inverno, da un\u2019angolazione diversa, \u00e8 la poesia di questa disciplina che affascina, sciare da soli in mezzo ai boschi, nel silenzio della natura.<\/p>\n<p>Tutto questo sotto l\u2019attento occhio dei nostri qualificati maestri, pronti a farvi scoprire posti meravigliosi nella stupenda cornice della faggeta del Monte Amiata. Nei dodici chilometri delle quattro piste per lo sci di fondo, l\u2019anello Marsiliana-Macinaie si snoda lungo la bellissima faggeta del pian della Marsiliana, in loc. Cantore.<\/p>\n<h4>Adatto per i primi chilometri anche a sciatori non particolarmente esperti, si sviluppa seguendo il percorso di pi\u00f9 alta qualit\u00e0 tecnica che porta alle Macinaie.<\/h4>\n<p>&nbsp;<\/p>\n<p>Per chi ne avesse necessit\u00e0, l\u2019esperienza dei Maestri della \u201cScuola di Sci Monte Amiata\u201d garantisce il supporto necessario per prendere lezioni di sci di fondo, collettive oppure individuali, in questo splendido panorama naturale.<\/p>\n<p>&nbsp;<\/p>\n<h4>Il Monte Amiata offre ai turisti che amano lo sci nordico 3 anelli per il fondo per un totale di 10 km circa.<\/h4>\n<p>[\/vc_column_text][\/vc_column][vc_column width=&#8221;1\/2&#8243;]<style type=\"text\/css\" data-type=\"the7_shortcodes-inline-css\">.shortcode-single-image-wrap.shortcode-single-image-6231660ae196007b0d539fa2d5798846.enable-bg-rollover .rollover i,\n.shortcode-single-image-wrap.shortcode-single-image-6231660ae196007b0d539fa2d5798846.enable-bg-rollover .rollover-video i {\n  background: ;\n  background: -webkit-linear-gradient();\n  background: linear-gradient();\n}\n.shortcode-single-image-wrap.shortcode-single-image-6231660ae196007b0d539fa2d5798846 .rollover-icon {\n  font-size: 32px;\n  color: #ffffff;\n  min-width: 44px;\n  min-height: 44px;\n  line-height: 44px;\n  border-radius: 100px;\n  border-style: solid;\n  border-width: 0px;\n}\n.dt-icon-bg-on.shortcode-single-image-wrap.shortcode-single-image-6231660ae196007b0d539fa2d5798846 .rollover-icon {\n  background: rgba(255,255,255,0.3);\n  -webkit-box-shadow: none;\n  box-shadow: none;\n}\n<\/style><div class=\"shortcode-single-image-wrap shortcode-single-image-6231660ae196007b0d539fa2d5798846 alignnone  enable-bg-rollover dt-icon-bg-off\" style=\"margin-top:0px; margin-bottom:0px; margin-left:0px; margin-right:0px; width:600px;\"><div class=\"shortcode-single-image\"><div class=\"fancy-media-wrap\" style=\"\"><a class=\"layzr-bg rollover rollover-zoom dt-pswp-item pswp-image\" href=\"https:\/\/terre-di-toscana.com\/terreditoscana\/wp-content\/uploads\/2018\/03\/28577572_147009082660222_4273984409062199263_n.jpg\" title=\"28577572_147009082660222_4273984409062199263_n\" data-dt-img-description=\"\" data-large_image_width=\"960\" data-large_image_height = \"720\"  style=\"\"><img class=\"preload-me lazy-load aspect\" src=\"data:image\/svg+xml,%3Csvg%20xmlns%3D&#39;http%3A%2F%2Fwww.w3.org%2F2000%2Fsvg&#39;%20viewBox%3D&#39;0%200%20600%20450&#39;%2F%3E\" data-src=\"https:\/\/terre-di-toscana.com\/terreditoscana\/wp-content\/uploads\/2018\/03\/28577572_147009082660222_4273984409062199263_n-600x450.jpg\" data-srcset=\"https:\/\/terre-di-toscana.com\/terreditoscana\/wp-content\/uploads\/2018\/03\/28577572_147009082660222_4273984409062199263_n-600x450.jpg 600w, https:\/\/terre-di-toscana.com\/terreditoscana\/wp-content\/uploads\/2018\/03\/28577572_147009082660222_4273984409062199263_n.jpg 960w\" loading=\"eager\" style=\"--ratio: 600 \/ 450\" sizes=\"(max-width: 600px) 100vw, 600px\" width=\"600\" height=\"450\"  data-dt-location=\"https:\/\/terre-di-toscana.com\/terreditoscana\/sci-di-fondo\/28577572_147009082660222_4273984409062199263_n\/\" alt=\"\" \/><\/a><\/div><\/div><\/div>[\/vc_column][\/vc_row]<\/p>\n<\/section>","protected":false},"excerpt":{"rendered":"<p>[vc_row][vc_column width=&#8221;1\/2&#8243;][vc_column_text]A tutti coloro che amano lo sci nordico la Scuola di Sci Monte Amiata ARXHE&#8217; 515 offre maestri preparati e possibilit\u00e0 di noleggio attrezzatura. Il fondo non \u00e8 velocit\u00e0, non \u00e8 frenesia, \u00e8 soprattutto conoscenza e rispetto della natura, amore per la neve e per l\u2019ambiente circostante. Questo diverso modo di sciare permette a&hellip;<\/p>\n","protected":false},"author":1,"featured_media":0,"parent":0,"menu_order":0,"comment_status":"closed","ping_status":"closed","template":"","meta":[],"_links":{"self":[{"href":"https:\/\/terre-di-toscana.com\/terreditoscana\/wp-json\/wp\/v2\/pages\/4689"}],"collection":[{"href":"https:\/\/terre-di-toscana.com\/terreditoscana\/wp-json\/wp\/v2\/pages"}],"about":[{"href":"https:\/\/terre-di-toscana.com\/terreditoscana\/wp-json\/wp\/v2\/types\/page"}],"author":[{"embeddable":true,"href":"https:\/\/terre-di-toscana.com\/terreditoscana\/wp-json\/wp\/v2\/users\/1"}],"replies":[{"embeddable":true,"href":"https:\/\/terre-di-toscana.com\/terreditoscana\/wp-json\/wp\/v2\/comments?post=4689"}],"version-history":[{"count":14,"href":"https:\/\/terre-di-toscana.com\/terreditoscana\/wp-json\/wp\/v2\/pages\/4689\/revisions"}],"predecessor-version":[{"id":7876,"href":"https:\/\/terre-di-toscana.com\/terreditoscana\/wp-json\/wp\/v2\/pages\/4689\/revisions\/7876"}],"wp:attachment":[{"href":"https:\/\/terre-di-toscana.com\/terreditoscana\/wp-json\/wp\/v2\/media?parent=4689"}],"curies":[{"name":"wp","href":"https:\/\/api.w.org\/{rel}","templated":true}]}}