{"id":4687,"date":"2017-12-12T14:28:00","date_gmt":"2017-12-12T13:28:00","guid":{"rendered":"http:\/\/terre-di-toscana.com\/terreditoscana\/?page_id=4687"},"modified":"2018-05-08T14:15:03","modified_gmt":"2018-05-08T12:15:03","slug":"sci-alpino-snowboard","status":"publish","type":"page","link":"https:\/\/terre-di-toscana.com\/terreditoscana\/sci-alpino-snowboard\/","title":{"rendered":"Sci Alpino &#038; Snowboard"},"content":{"rendered":"<section class=\"wpb-content-wrapper\"><p>[vc_row][vc_column width=&#8221;1\/2&#8243;][vc_column_text]<strong>Quando il bianco mantello riveste e rende magica la montagna, tuttavia, gli sciatori che frequentano il vulcano hanno a disposizione quindici impianti di risalita.<\/strong><\/p>\n<p>Questi s\u2019inerpicano in direzione della vetta da quattro basi diverse (il Prato della Contessa, il Prato delle Macinaie, la Marsiliana, il rifugio Cantore), e che servono oltre venticinque chilometri di piste da discesa (alle quali si aggiungono i dodici chilometri di piste da fondo) dotate delle attrezzature pi\u00f9 moderne.<\/p>\n<p>Sono a disposizione degli sciatori anche dei maestri di sci e dei campi-scuola adattissimi ai principianti e ai bambini.<\/p>\n<p>Quando la neve \u00e8 particolarmente abbondante, i sentieri e le carrarecce che si inoltrano nelle foreste del Monte Amiata permettono numerose piacevoli escursioni sugli sci da fondo e con le racchette da neve.[\/vc_column_text][\/vc_column][vc_column width=&#8221;1\/2&#8243;]<style type=\"text\/css\" data-type=\"the7_shortcodes-inline-css\">.shortcode-single-image-wrap.shortcode-single-image-80b45576545b87e9e9d8fd2d83926d3f.enable-bg-rollover .rollover i,\n.shortcode-single-image-wrap.shortcode-single-image-80b45576545b87e9e9d8fd2d83926d3f.enable-bg-rollover .rollover-video i {\n  background: -webkit-linear-gradient();\n  background: linear-gradient();\n}\n.shortcode-single-image-wrap.shortcode-single-image-80b45576545b87e9e9d8fd2d83926d3f .rollover-icon {\n  font-size: 32px;\n  color: #ffffff;\n  min-width: 44px;\n  min-height: 44px;\n  line-height: 44px;\n  border-radius: 100px;\n  border-style: solid;\n  border-width: 0px;\n}\n.dt-icon-bg-on.shortcode-single-image-wrap.shortcode-single-image-80b45576545b87e9e9d8fd2d83926d3f .rollover-icon {\n  background: rgba(255,255,255,0.3);\n  box-shadow: none;\n}\n<\/style><div class=\"shortcode-single-image-wrap shortcode-single-image-80b45576545b87e9e9d8fd2d83926d3f alignnone  enable-bg-rollover dt-icon-bg-off\" style=\"margin-top:0px; margin-bottom:0px; margin-left:0px; margin-right:0px; width:600px;\"><div class=\"shortcode-single-image\"><div class=\"fancy-media-wrap\" style=\"\"><a class=\"layzr-bg rollover rollover-zoom dt-pswp-item pswp-image\" href=\"https:\/\/terre-di-toscana.com\/terreditoscana\/wp-content\/uploads\/2018\/02\/amiata-neve-11.jpg\" title=\"amiata neve-11\" data-dt-img-description=\"\" data-large_image_width=\"1200\" data-large_image_height = \"800\"  style=\"\"><img class=\"preload-me lazy-load aspect\" src=\"data:image\/svg+xml,%3Csvg%20xmlns%3D&#39;http%3A%2F%2Fwww.w3.org%2F2000%2Fsvg&#39;%20viewBox%3D&#39;0%200%20600%20400&#39;%2F%3E\" data-src=\"https:\/\/terre-di-toscana.com\/terreditoscana\/wp-content\/uploads\/2018\/02\/amiata-neve-11-600x400.jpg\" data-srcset=\"https:\/\/terre-di-toscana.com\/terreditoscana\/wp-content\/uploads\/2018\/02\/amiata-neve-11-600x400.jpg 600w, https:\/\/terre-di-toscana.com\/terreditoscana\/wp-content\/uploads\/2018\/02\/amiata-neve-11.jpg 1200w\" loading=\"eager\" style=\"--ratio: 600 \/ 400\" sizes=\"(max-width: 600px) 100vw, 600px\" width=\"600\" height=\"400\"  data-dt-location=\"https:\/\/terre-di-toscana.com\/terreditoscana\/sci-alpino-snowboard\/amiata-neve-11\/\" alt=\"\" \/><\/a><\/div><\/div><\/div>[\/vc_column][\/vc_row][vc_row css=&#8221;.vc_custom_1516815644303{margin-top: 15px !important;}&#8221;][vc_column]<div class=\"dt-fancy-separator title-left h3-size\" style=\"width: 100%;\"><div class=\"dt-fancy-title\"><span class=\"separator-holder separator-left\" style=\"border-color: #ffa700;\"><\/span>Il Monte Amiata in veste invernale<span class=\"separator-holder separator-right\" style=\"border-color: #ffa700;\"><\/span><\/div><\/div>[vc_empty_space height=&#8221;25px&#8221;][vc_column_text]Il Monte Amiata, in veste invernale mette a disposizione agli appassionati dello Sci una palestra naturale incastonata nella Faggeta pi\u00f9 estesa d&#8217;Europa.<\/p>\n<p>La Stazione Invernale del Monte Amiata offre 10 Km di Piste da Sci Alpino con 8 Impianti di risalita usufruibili attraverso lo SKIPASS AMIATA e 10,5 Km di piste da Sci Nordico (di cui 5,5 Km costantemente battute).[\/vc_column_text]<div class=\"dt-fancy-separator title-left h3-size\" style=\"width: 100%;\"><div class=\"dt-fancy-title\"><span class=\"separator-holder separator-left\" style=\"border-color: #ffa700;\"><\/span>Cenni storici<span class=\"separator-holder separator-right\" style=\"border-color: #ffa700;\"><\/span><\/div><\/div>[vc_empty_space height=&#8221;25px&#8221;][\/vc_column][\/vc_row][vc_row][vc_column width=&#8221;1\/2&#8243;][vc_column_text]Gi\u00e0 prima della guerra, c&#8217;erano sul Monte Amiata degli appassionati di sci che visitavano la montagna quando nevicava; fu nel periodo fascista che venne costruito un trampolino al primo rifugio per i pi\u00f9 spericolati: gi\u00e0 qualcuno sciava, infatti, sfruttando i sentieri naturali tra un albero e l&#8217;altro; gli appassionati di Abbadia usavano legni flessibili per costruire primi rudimentali sci. Nel 1947, riciclando il motore di una motocicletta, questi pionieri della neve costruirono uno skilift rudimentale; nel 1957-58 fu creato lo \u0093&#8217;slittone&#8217;\u0094 (una vecchia slitta, di fatto) che partiva dal Secondo Rifugio e arrivava quasi in vetta. E dello stesso anno un primo impianto sulla cima della montagna. Da poco erano stati tagliati alcuni alberi, seguendo i sentieri naturali e creando cos\u00ec le prime piste.[\/vc_column_text][\/vc_column][vc_column width=&#8221;1\/2&#8243;][vc_column_text]Nel 1961-62 fu costruita la prima seggiovia monoposto, seggiovia Cantore, che andava dal Secondo Rifugio alla Vetta; nel 1968 si inaugur\u00f2 la seggiovia biposto delle Mancinaie: sono gli anni del boom dell&#8217;Amiata, i maestri di Sestola vengono qui a insegnare. Con una media di uno all&#8217;anno furono costruiti impianti fino a un massimo di 12 skilift e due seggiovie dal \u009165 in poi. Il grande successo dell&#8217;Amiata dur\u00f2 dal &#8217;70 all&#8217;86 \u0096 la stagione, garantita, andava da Natale a Pasqua con picchi di 6-7000 presenze domenicali. Per tutti gli anni &#8217;70 l&#8217;Amiata fu la montagna di Roma e di tutta la bassa Toscana, con un serbatoio di utenza enorme; il flusso turistico e la garanzia della neve permettevano una continuit\u00e0 dell&#8217;esercizio delle piste, tanto che per tre anni consecutivi, dal 1984 al 1986, si disput\u00f2 qui la Coppa Europa femminile di sci.[\/vc_column_text][\/vc_column][\/vc_row][vc_row][vc_column]<div class=\"dt-fancy-separator title-left h3-size\" style=\"width: 100%;\"><div class=\"dt-fancy-title\"><span class=\"separator-holder separator-left\" style=\"border-color: #ffa700;\"><\/span>Snowboard sul Monte Amiata<span class=\"separator-holder separator-right\" style=\"border-color: #ffa700;\"><\/span><\/div><\/div>[vc_empty_space height=&#8221;25px&#8221;][vc_column_text]Lo snowboard, sport giovane, si pratica utilizzando una tavola provvista di lamine simile a quelle dello sci. I praticanti dello snowboard sono amanti della\u00a0 natura, dello sport e della libert\u00e0. E\u2019 un modo di vivere la neve completamente diverso dagli altri praticanti tipi di sport invernali come lo sci alpino e lo sci nordico. Gli sportivi dello snowboard amano vestirsi, scivolare e percorrere le piste in armonia con la loro voglia di vivere. Muoversi in libert\u00e0, leggerezza, voglia di esprimersi in nuove evoluzioni che stanno cambiando il modo di concepire gli sport invernali avvicinandoli a sempre pi\u00f9 persone che hanno voglia di divertirsi. Lo snowboard \u00e8 l\u2019arte della neve, \u00e8 giocare con la neve, \u00e8 plasmarla fino a farla diventare parte stessa delle loro tavole. Surfare la neve fresca \u00e8 un\u2019emozione che non si dimentica, scatena all\u2019animo un\u2019adrenalina e un\u2019energia che non si pensa di possedere e che consigliamo a tutti provare, perch\u00e9, dopo la prima volta quel brivido non ti abbandona pi\u00f9.<\/p>\n<p>Nei vari noleggi del Monte Amiata \u00e8 possibile affittare tavole e scarpe delle migliori marche. I nostri esperti maestri saranno lieti di impartire lezioni a coloro che vogliono avvicinarsi a questo sport in completa sicurezza.[\/vc_column_text][\/vc_column][\/vc_row][vc_row][vc_column width=&#8221;2\/3&#8243;]<div class=\"dt-fancy-separator title-left h3-size\" style=\"width: 100%;\"><div class=\"dt-fancy-title\"><span class=\"separator-holder separator-left\" style=\"border-color: #ffa700;\"><\/span>Mappa degli impianti di risalita e delle piste<span class=\"separator-holder separator-right\" style=\"border-color: #ffa700;\"><\/span><\/div><\/div>[vc_empty_space height=&#8221;25px&#8221;][vc_column_text]<img decoding=\"async\" loading=\"lazy\" class=\"aligncenter size-full\" src=\"http:\/\/www.amiataneve.it\/images\/mappa2013.jpg\" width=\"3372\" height=\"2382\" \/>[\/vc_column_text][\/vc_column][vc_column width=&#8221;1\/3&#8243;]<div class=\"dt-fancy-separator title-left h3-size\" style=\"width: 100%;\"><div class=\"dt-fancy-title\"><span class=\"separator-holder separator-left\" style=\"border-color: #ffa700;\"><\/span>Siti di riferimento<span class=\"separator-holder separator-right\" style=\"border-color: #ffa700;\"><\/span><\/div><\/div>[vc_empty_space height=&#8221;25px&#8221;]<style type=\"text\/css\" data-type=\"the7_shortcodes-inline-css\">#default-btn-2013fcf2c6aa461b2def02c295e81291.ico-right-side > i {\n  margin-right: 0px;\n  margin-left: 8px;\n}\n#default-btn-2013fcf2c6aa461b2def02c295e81291 > i {\n  margin-right: 8px;\n}\n<\/style><a href=\"http:\/\/amiataneve.it\/\" class=\"default-btn-shortcode dt-btn dt-btn-s link-hover-off full-width-btn btn-inline-left \" target=\"_blank\" id=\"default-btn-2013fcf2c6aa461b2def02c295e81291\" rel=\"noopener\"><span>Sito AmiataNeve.it<\/span><\/a>[vc_empty_space height=&#8221;15px&#8221;]<style type=\"text\/css\" data-type=\"the7_shortcodes-inline-css\">#default-btn-d557bf496305f979e99ca2f99445dcd9.ico-right-side > i {\n  margin-right: 0px;\n  margin-left: 8px;\n}\n#default-btn-d557bf496305f979e99ca2f99445dcd9 > i {\n  margin-right: 8px;\n}\n<\/style><a href=\"http:\/\/isaimpiantiamiata.it\/\" class=\"default-btn-shortcode dt-btn dt-btn-s link-hover-off full-width-btn btn-inline-left \" target=\"_blank\" id=\"default-btn-d557bf496305f979e99ca2f99445dcd9\" rel=\"noopener\"><span>Sito ISAImpiantiAmiata.com<\/span><\/a>[vc_empty_space height=&#8221;35px&#8221;]<div class=\"dt-fancy-separator title-left h3-size\" style=\"width: 100%;\"><div class=\"dt-fancy-title\"><span class=\"separator-holder separator-left\" style=\"border-color: #ffa700;\"><\/span>Photogallery<span class=\"separator-holder separator-right\" style=\"border-color: #ffa700;\"><\/span><\/div><\/div>[vc_empty_space height=&#8221;15px&#8221;][vc_media_grid element_width=&#8221;6&#8243; grid_id=&#8221;vc_gid:1525781694610-4dd84176-18da-4&#8243; include=&#8221;6498,6501,6503,6504&#8243;][\/vc_column][\/vc_row]<\/p>\n<\/section>","protected":false},"excerpt":{"rendered":"<p>[vc_row][vc_column width=&#8221;1\/2&#8243;][vc_column_text]Quando il bianco mantello riveste e rende magica la montagna, tuttavia, gli sciatori che frequentano il vulcano hanno a disposizione quindici impianti di risalita. Questi s\u2019inerpicano in direzione della vetta da quattro basi diverse (il Prato della Contessa, il Prato delle Macinaie, la Marsiliana, il rifugio Cantore), e che servono oltre venticinque chilometri di&hellip;<\/p>\n","protected":false},"author":1,"featured_media":0,"parent":0,"menu_order":0,"comment_status":"closed","ping_status":"closed","template":"","meta":[],"_links":{"self":[{"href":"https:\/\/terre-di-toscana.com\/terreditoscana\/wp-json\/wp\/v2\/pages\/4687"}],"collection":[{"href":"https:\/\/terre-di-toscana.com\/terreditoscana\/wp-json\/wp\/v2\/pages"}],"about":[{"href":"https:\/\/terre-di-toscana.com\/terreditoscana\/wp-json\/wp\/v2\/types\/page"}],"author":[{"embeddable":true,"href":"https:\/\/terre-di-toscana.com\/terreditoscana\/wp-json\/wp\/v2\/users\/1"}],"replies":[{"embeddable":true,"href":"https:\/\/terre-di-toscana.com\/terreditoscana\/wp-json\/wp\/v2\/comments?post=4687"}],"version-history":[{"count":21,"href":"https:\/\/terre-di-toscana.com\/terreditoscana\/wp-json\/wp\/v2\/pages\/4687\/revisions"}],"predecessor-version":[{"id":7875,"href":"https:\/\/terre-di-toscana.com\/terreditoscana\/wp-json\/wp\/v2\/pages\/4687\/revisions\/7875"}],"wp:attachment":[{"href":"https:\/\/terre-di-toscana.com\/terreditoscana\/wp-json\/wp\/v2\/media?parent=4687"}],"curies":[{"name":"wp","href":"https:\/\/api.w.org\/{rel}","templated":true}]}}