{"id":4660,"date":"2017-12-12T14:19:58","date_gmt":"2017-12-12T13:19:58","guid":{"rendered":"http:\/\/terre-di-toscana.com\/terreditoscana\/?page_id=4660"},"modified":"2018-04-03T16:09:45","modified_gmt":"2018-04-03T14:09:45","slug":"trekking","status":"publish","type":"page","link":"https:\/\/terre-di-toscana.com\/terreditoscana\/trekking\/","title":{"rendered":"Trekking"},"content":{"rendered":"<section class=\"wpb-content-wrapper\"><p>[vc_row][vc_column]<div class=\"dt-fancy-separator title-left h3-size\" style=\"width: 100%;\"><div class=\"dt-fancy-title\"><span class=\"separator-holder separator-left\" style=\"border-color: #ffa700;\"><\/span>Trekking tra i castagni e nella faggeta pi\u00f9 grande d\u2019Italia<span class=\"separator-holder separator-right\" style=\"border-color: #ffa700;\"><\/span><\/div><\/div>[vc_empty_space height=&#8221;20px&#8221;][vc_column_text]<\/p>\n<blockquote><p><em>&#8220;Migliaia di persone stanche, stressate e fin troppo civilizzate, stanno cominciando a capire che andare in montagna \u00e8 tornare a casa e che la natura incontaminata non \u00e8 un lusso ma una necessit\u00e0.&#8221;<\/em><br \/>\n<em>cit. John Muir<\/em><\/p><\/blockquote>\n<p>[\/vc_column_text][\/vc_column][\/vc_row][vc_row][vc_column width=&#8221;1\/2&#8243;][vc_column_text]Camminando attraverso gli <strong>imponenti boschi<\/strong> dell\u2019Amiata, vengono in mente pensieri come quelli di\u00a0 John Muir. Tra il territorio della Maremma e le terre di Siena, l\u2019ormai spento <strong>vulcano<\/strong> dell\u2019Amiata, offre un paesaggio suggestivo, ricco di interessanti esemplari di flora e fauna e una moltitudine di importanti testimonianze storiche.<\/p>\n<p>L\u2019Amiata \u00e8 un posto molto apprezzato da turisti individuali, buongustai e sciatori, mentre come meta per escursionisti rimane ancora un luogo abbastanza segreto che vale indubbiamente la pena di essere scoperto.<\/p>\n<p><em><strong>Per\u00a0qualsiasi tipo di informazione\u00a0non esitate a contattarci. Il nostro staff sar\u00e0 lieto di rispondere a qualsiasi tipo di richiesta e a\u00a0valutare con voi la soluzione giusta\u00a0per\u00a0le vostre esigenze.<\/strong><\/em>[\/vc_column_text][\/vc_column][vc_column width=&#8221;1\/2&#8243;]<style type=\"text\/css\" data-type=\"the7_shortcodes-inline-css\">.shortcode-single-image-wrap.shortcode-single-image-14ea1b32f12a15ac049652658bce6ebe.enable-bg-rollover .rollover i,\n.shortcode-single-image-wrap.shortcode-single-image-14ea1b32f12a15ac049652658bce6ebe.enable-bg-rollover .rollover-video i {\n  background: ;\n  background: -webkit-linear-gradient();\n  background: linear-gradient();\n}\n.shortcode-single-image-wrap.shortcode-single-image-14ea1b32f12a15ac049652658bce6ebe .rollover-icon {\n  font-size: 32px;\n  color: #ffffff;\n  min-width: 44px;\n  min-height: 44px;\n  line-height: 44px;\n  border-radius: 100px;\n  border-style: solid;\n  border-width: 0px;\n}\n.dt-icon-bg-on.shortcode-single-image-wrap.shortcode-single-image-14ea1b32f12a15ac049652658bce6ebe .rollover-icon {\n  background: rgba(255,255,255,0.3);\n  -webkit-box-shadow: none;\n  box-shadow: none;\n}\n<\/style><div class=\"shortcode-single-image-wrap shortcode-single-image-14ea1b32f12a15ac049652658bce6ebe alignnone  enable-bg-rollover dt-icon-bg-off\" style=\"margin-top:0px; margin-bottom:0px; margin-left:0px; margin-right:0px; width:600px;\"><div class=\"shortcode-single-image\"><div class=\"fancy-media-wrap\" style=\"\"><a class=\"layzr-bg rollover rollover-zoom dt-pswp-item pswp-image\" href=\"https:\/\/terre-di-toscana.com\/terreditoscana\/wp-content\/uploads\/2018\/02\/trekking-amiata-1.jpg\" title=\"trekking-amiata\" data-dt-img-description=\"\" data-large_image_width=\"800\" data-large_image_height = \"533\"  style=\"\"><img class=\"preload-me lazy-load aspect\" src=\"data:image\/svg+xml,%3Csvg%20xmlns%3D&#39;http%3A%2F%2Fwww.w3.org%2F2000%2Fsvg&#39;%20viewBox%3D&#39;0%200%20600%20399&#39;%2F%3E\" data-src=\"https:\/\/terre-di-toscana.com\/terreditoscana\/wp-content\/uploads\/2018\/02\/trekking-amiata-1-600x399.jpg\" data-srcset=\"https:\/\/terre-di-toscana.com\/terreditoscana\/wp-content\/uploads\/2018\/02\/trekking-amiata-1-600x399.jpg 600w, https:\/\/terre-di-toscana.com\/terreditoscana\/wp-content\/uploads\/2018\/02\/trekking-amiata-1.jpg 800w\" loading=\"eager\" style=\"--ratio: 600 \/ 399\" sizes=\"(max-width: 600px) 100vw, 600px\" width=\"600\" height=\"399\"  data-dt-location=\"https:\/\/terre-di-toscana.com\/terreditoscana\/trekking\/trekking-amiata-2\/\" alt=\"\" \/><\/a><\/div><\/div><\/div>[\/vc_column][\/vc_row][vc_row css=&#8221;.vc_custom_1522764579872{margin-top: 35px !important;}&#8221;][vc_column]<div class=\"dt-fancy-separator title-left h4-size\" style=\"width: 100%;\"><div class=\"dt-fancy-title\"><span class=\"separator-holder separator-left\" style=\"border-color: #ffa700;\"><\/span>I sentieri per il Trekking sul Monte Amiata<span class=\"separator-holder separator-right\" style=\"border-color: #ffa700;\"><\/span><\/div><\/div>[vc_empty_space height=&#8221;30px&#8221;][vc_basic_grid post_type=&#8221;post&#8221; max_items=&#8221;-1&#8243; element_width=&#8221;6&#8243; item=&#8221;5227&#8243; grid_id=&#8221;vc_gid:1522764553084-440b4c99-e523-2&#8243; taxonomies=&#8221;553&#8243;][\/vc_column][\/vc_row]<\/p>\n<\/section>","protected":false},"excerpt":{"rendered":"<p>[vc_row][vc_column][vc_empty_space height=&#8221;20px&#8221;][vc_column_text] &#8220;Migliaia di persone stanche, stressate e fin troppo civilizzate, stanno cominciando a capire che andare in montagna \u00e8 tornare a casa e che la natura incontaminata non \u00e8 un lusso ma una necessit\u00e0.&#8221; cit. John Muir [\/vc_column_text][\/vc_column][\/vc_row][vc_row][vc_column width=&#8221;1\/2&#8243;][vc_column_text]Camminando attraverso gli imponenti boschi dell\u2019Amiata, vengono in mente pensieri come quelli di\u00a0 John Muir. Tra&hellip;<\/p>\n","protected":false},"author":1,"featured_media":0,"parent":0,"menu_order":0,"comment_status":"closed","ping_status":"closed","template":"","meta":[],"_links":{"self":[{"href":"https:\/\/terre-di-toscana.com\/terreditoscana\/wp-json\/wp\/v2\/pages\/4660"}],"collection":[{"href":"https:\/\/terre-di-toscana.com\/terreditoscana\/wp-json\/wp\/v2\/pages"}],"about":[{"href":"https:\/\/terre-di-toscana.com\/terreditoscana\/wp-json\/wp\/v2\/types\/page"}],"author":[{"embeddable":true,"href":"https:\/\/terre-di-toscana.com\/terreditoscana\/wp-json\/wp\/v2\/users\/1"}],"replies":[{"embeddable":true,"href":"https:\/\/terre-di-toscana.com\/terreditoscana\/wp-json\/wp\/v2\/comments?post=4660"}],"version-history":[{"count":30,"href":"https:\/\/terre-di-toscana.com\/terreditoscana\/wp-json\/wp\/v2\/pages\/4660\/revisions"}],"predecessor-version":[{"id":7253,"href":"https:\/\/terre-di-toscana.com\/terreditoscana\/wp-json\/wp\/v2\/pages\/4660\/revisions\/7253"}],"wp:attachment":[{"href":"https:\/\/terre-di-toscana.com\/terreditoscana\/wp-json\/wp\/v2\/media?parent=4660"}],"curies":[{"name":"wp","href":"https:\/\/api.w.org\/{rel}","templated":true}]}}