{"id":4620,"date":"2017-12-12T13:10:45","date_gmt":"2017-12-12T12:10:45","guid":{"rendered":"http:\/\/terre-di-toscana.com\/terreditoscana\/?page_id=4620"},"modified":"2018-02-28T17:02:48","modified_gmt":"2018-02-28T16:02:48","slug":"seggiano","status":"publish","type":"page","link":"https:\/\/terre-di-toscana.com\/terreditoscana\/seggiano\/","title":{"rendered":"Seggiano"},"content":{"rendered":"<section class=\"wpb-content-wrapper\"><p>[vc_row][vc_column width=&#8221;2\/3&#8243;][vc_column_text]Seggiano, posto a 491 metri sopra il livello del mare, \u00e8 il pi\u00f9 basso dei Comuni che si dividono il cono amiatino. Abitato indubbiamente nel periodo etrusco, come stanno a dimostrare i numerosi reperti rinvenuti nel territorio, il suo toponimo \u00e8 stato oggetto di svariate disquisizioni da parte degli storici.<\/p>\n<p>Chi vi ravvisa una Sedes Jani per un tempio o un\u2019aria votiva sacra a Giano bifronte, divinit\u00e0 etrusca prima di essere romana; chi un insediamento Sergianus o Serzanus da una probabile gens sergia; chi una propriet\u00e0 di un famoso ministro chiamato Sejanus.<\/p>\n<p>L\u2019esistenza di Seggiano viene attestata per la prima volta nell\u2019anno 903.In quell\u2019anno il casale Senganu o Sergiano risulta in possesso dell\u2019Abbazia amiatina di S.Salvatore. Nel 1216 con bolla del 20 dicembre papa Onorio III conferma al Monastero di S.Antimo varie chiese, fra le quali anche quella di S.Bartolomeo a Seggiano.Da questo documento costatiamo l\u2019influenza su Seggiano da parte della vicina Abbazia di Valle Starcia.<\/p>\n<p>Tuttavia agl\u2019inizi del secolo XIII gi\u00e0 risulta costituita in Seggiano una comunit\u00e0 locale autonoma che, sebbene fosse inclusa nell\u2019ambito del dominio signorile di S.Salvatore e di S.Antimo, si muoveva nella sfera politica di Siena.<\/p>\n<p>Nel 1255 i senesi gi\u00e0 ambivano al reale possesso di Seggiano scendendo a trattative con l\u2019Abbazia di S.Antimo. Dieci anni dopo, tra il 1265 e il 1266, l\u2019autorit\u00e0 senese sopra Seggiano si consolidava con l\u2019istituzione di ufficiali di nomina cittadina e con l\u2019aquisizione del cassero e il rafforzamento delle strutture difensive.<\/p>\n<p>Sotto il dominio di Siena, Seggiano appare un paese prospero e felice.La propriet\u00e0 fondiaria era divisa fra il Comune e le 363 famiglie che vi abitavano in pace e in abbondanza di beni.<\/p>\n<p>Fino al 1248 fu sotto il dominio dell\u2019Abbazia del SS. Salvatore. Pass\u00f2 poi in possesso di quella di Sant\u2019Antimo nel 1255 che, dopo faticosi negoziati, ne fece cessione alla Repubblica di Siena.<\/p>\n<p>Prima di passare sotto il Granducato di Toscana sub\u00ec il dominio di due potenti famiglie, gli Ugurgieri ed i Salimbeni, ma non rinunci\u00f2 mai a lottare con lo spirito libertario ben leggibile nei suoi statuti, riscritti nel 1561 a somiglianza dei pi\u00f9 antichi risalenti all\u2019inizio del XIV sec.<\/p>\n<p>Seggiano d\u00e0 il suo nome all\u2019olio DOP di Olivastra seggianese, la cui produzione si estende anche ai comuni limitrofi di Arcidosso, Castel del Piano, Cinigiano, Santa Fiora, Roccalbegna, Semproniano e parte del Comune di Castell\u2019Azzara, rappresentandone identit\u00e0 e territori. Ci\u00f2 che rende veramente straordinaria questa terra, per i cittadini come per i visitatori, \u00e8 che in essa \u00e8 possibile fare un vero e proprio viaggio nella variet\u00e0 dell\u2019eccellenza alimentare del nostro paese: dall\u2019olio DOP di olivastra alla castagna IGP, al vino Montecucco DOC, dalle ciliegie allo zafferano, dalle patate al grano, ai salumi e alle carni, etc. Si tratta cio\u00e8 di un emblematico contesto italiano, nel quale eccellenza e variet\u00e0 dei prodotti caratterizzano il tessuto e la tradizione agricola.<\/p>\n<p>A Seggiano \u00e8 presente un Museo dell\u2019Olio dove il percorso espositivo si snoda nel centro storico del borgo e la tappa pi\u00f9 importante \u00e8 rappresentata dalla grande cisterna situata sulla cinta muraria dove al suo interno \u00e8 stata creata un\u2019installazione unica nel suo genere. Si tratta di un olivo recuperato da una frana le cui radici sono sospese all\u2019interno della struttura. Questa pianta \u00e8 la pi\u00f9 grande del mondo alimentata con tecnologia aeroponica; in pratica vapore acqueo, la cui realizzazione \u00e8 stata sperimentata e verificata presso il laboratorio internazionale di neurobiologia vegetale della Facolt\u00e0 di Agraria di Firenze, partner scientifico del progetto.<\/p>\n<p>Di rilievo internazionale \u00e8 anche il Giardino di Daniel Spoerri, un grande parco di installazioni e sculture iniziato nel 1991 da un\u2019artista di cittadinanza svizzera ma di origine rumena.\u00a0 Ispirato la Parco dei Mostri di Bomarzo, il giardino si estende per oltre 15 ettari, dove le sculture compaiono man mano che si procede, offrendo analoghe sensazioni a quelle dei giardini rinascimentali e barocchi.[\/vc_column_text][\/vc_column][vc_column width=&#8221;1\/3&#8243;]<style type=\"text\/css\" data-type=\"the7_shortcodes-inline-css\">.shortcode-single-image-wrap.shortcode-single-image-c0ba35af0708dd8ac73f8ea1f43477aa.enable-bg-rollover .rollover i,\n.shortcode-single-image-wrap.shortcode-single-image-c0ba35af0708dd8ac73f8ea1f43477aa.enable-bg-rollover .rollover-video i {\n  background: ;\n  background: -webkit-linear-gradient();\n  background: linear-gradient();\n}\n.shortcode-single-image-wrap.shortcode-single-image-c0ba35af0708dd8ac73f8ea1f43477aa .rollover-icon {\n  font-size: 32px;\n  color: #ffffff;\n  min-width: 44px;\n  min-height: 44px;\n  line-height: 44px;\n  border-radius: 100px;\n  border-style: solid;\n  border-width: 0px;\n}\n.dt-icon-bg-on.shortcode-single-image-wrap.shortcode-single-image-c0ba35af0708dd8ac73f8ea1f43477aa .rollover-icon {\n  background: rgba(255,255,255,0.3);\n  -webkit-box-shadow: none;\n  box-shadow: none;\n}\n<\/style><div class=\"shortcode-single-image-wrap shortcode-single-image-c0ba35af0708dd8ac73f8ea1f43477aa alignnone  vc_custom_1519833515118 enable-bg-rollover dt-icon-bg-off\" ><div class=\"shortcode-single-image\"><div class=\"fancy-media-wrap\" style=\"\"><a class=\"layzr-bg rollover rollover-zoom dt-pswp-item pswp-image\" href=\"https:\/\/terre-di-toscana.com\/terreditoscana\/wp-content\/uploads\/2018\/02\/madonna-seggiano.jpg\" title=\"madonna-seggiano\" data-dt-img-description=\"\" data-large_image_width=\"800\" data-large_image_height = \"533\"  style=\"\"><img class=\"preload-me lazy-load aspect\" src=\"data:image\/svg+xml,%3Csvg%20xmlns%3D&#39;http%3A%2F%2Fwww.w3.org%2F2000%2Fsvg&#39;%20viewBox%3D&#39;0%200%20500%20333&#39;%2F%3E\" data-src=\"https:\/\/terre-di-toscana.com\/terreditoscana\/wp-content\/uploads\/2018\/02\/madonna-seggiano-500x333.jpg\" data-srcset=\"https:\/\/terre-di-toscana.com\/terreditoscana\/wp-content\/uploads\/2018\/02\/madonna-seggiano-500x333.jpg 500w, https:\/\/terre-di-toscana.com\/terreditoscana\/wp-content\/uploads\/2018\/02\/madonna-seggiano.jpg 800w\" loading=\"eager\" style=\"--ratio: 500 \/ 333\" sizes=\"(max-width: 500px) 100vw, 500px\" width=\"500\" height=\"333\"  data-dt-location=\"https:\/\/terre-di-toscana.com\/terreditoscana\/santuario-della-madonna-della-carita-seggiano\/madonna-seggiano\/\" alt=\"\" \/><\/a><\/div><\/div><\/div>[vc_empty_space]<style type=\"text\/css\" data-type=\"the7_shortcodes-inline-css\">.shortcode-single-image-wrap.shortcode-single-image-8918043bd568881ba07e70845723e108.enable-bg-rollover .rollover i,\n.shortcode-single-image-wrap.shortcode-single-image-8918043bd568881ba07e70845723e108.enable-bg-rollover .rollover-video i {\n  background: ;\n  background: -webkit-linear-gradient();\n  background: linear-gradient();\n}\n.shortcode-single-image-wrap.shortcode-single-image-8918043bd568881ba07e70845723e108 .rollover-icon {\n  font-size: 32px;\n  color: #ffffff;\n  min-width: 44px;\n  min-height: 44px;\n  line-height: 44px;\n  border-radius: 100px;\n  border-style: solid;\n  border-width: 0px;\n}\n.dt-icon-bg-on.shortcode-single-image-wrap.shortcode-single-image-8918043bd568881ba07e70845723e108 .rollover-icon {\n  background: rgba(255,255,255,0.3);\n  -webkit-box-shadow: none;\n  box-shadow: none;\n}\n<\/style><div class=\"shortcode-single-image-wrap shortcode-single-image-8918043bd568881ba07e70845723e108 alignnone  vc_custom_1519833711371 enable-bg-rollover dt-icon-bg-off\" ><div class=\"shortcode-single-image\"><div class=\"fancy-media-wrap\" style=\"\"><a class=\"layzr-bg rollover rollover-zoom dt-pswp-item pswp-image\" href=\"https:\/\/terre-di-toscana.com\/terreditoscana\/wp-content\/uploads\/2018\/02\/seggiano-Chiesa-della-Compagnia-del-Corpus-Domini-.jpg\" title=\"seggiano-Chiesa-della-Compagnia-del-Corpus-Domini-\" data-dt-img-description=\"\" data-large_image_width=\"960\" data-large_image_height = \"960\"  style=\"\"><img class=\"preload-me lazy-load aspect\" src=\"data:image\/svg+xml,%3Csvg%20xmlns%3D&#39;http%3A%2F%2Fwww.w3.org%2F2000%2Fsvg&#39;%20viewBox%3D&#39;0%200%20500%20500&#39;%2F%3E\" data-src=\"https:\/\/terre-di-toscana.com\/terreditoscana\/wp-content\/uploads\/2018\/02\/seggiano-Chiesa-della-Compagnia-del-Corpus-Domini--500x500.jpg\" data-srcset=\"https:\/\/terre-di-toscana.com\/terreditoscana\/wp-content\/uploads\/2018\/02\/seggiano-Chiesa-della-Compagnia-del-Corpus-Domini--500x500.jpg 500w, https:\/\/terre-di-toscana.com\/terreditoscana\/wp-content\/uploads\/2018\/02\/seggiano-Chiesa-della-Compagnia-del-Corpus-Domini-.jpg 960w\" loading=\"eager\" style=\"--ratio: 500 \/ 500\" sizes=\"(max-width: 500px) 100vw, 500px\" width=\"500\" height=\"500\"  data-dt-location=\"https:\/\/terre-di-toscana.com\/terreditoscana\/chiesa-della-compagna-del-corpus-domini-seggiano\/seggiano-chiesa-della-compagnia-del-corpus-domini\/\" alt=\"\" \/><\/a><\/div><\/div><\/div>[vc_empty_space]<style type=\"text\/css\" data-type=\"the7_shortcodes-inline-css\">.shortcode-single-image-wrap.shortcode-single-image-a77f110c38b9b5e6d7c2256d0f87fb81.enable-bg-rollover .rollover i,\n.shortcode-single-image-wrap.shortcode-single-image-a77f110c38b9b5e6d7c2256d0f87fb81.enable-bg-rollover .rollover-video i {\n  background: ;\n  background: -webkit-linear-gradient();\n  background: linear-gradient();\n}\n.shortcode-single-image-wrap.shortcode-single-image-a77f110c38b9b5e6d7c2256d0f87fb81 .rollover-icon {\n  font-size: 32px;\n  color: #ffffff;\n  min-width: 44px;\n  min-height: 44px;\n  line-height: 44px;\n  border-radius: 100px;\n  border-style: solid;\n  border-width: 0px;\n}\n.dt-icon-bg-on.shortcode-single-image-wrap.shortcode-single-image-a77f110c38b9b5e6d7c2256d0f87fb81 .rollover-icon {\n  background: rgba(255,255,255,0.3);\n  -webkit-box-shadow: none;\n  box-shadow: none;\n}\n<\/style><div class=\"shortcode-single-image-wrap shortcode-single-image-a77f110c38b9b5e6d7c2256d0f87fb81 alignnone  vc_custom_1519833746330 enable-bg-rollover dt-icon-bg-off\" ><div class=\"shortcode-single-image\"><div class=\"fancy-media-wrap\" style=\"\"><a class=\"layzr-bg rollover rollover-zoom dt-pswp-item pswp-image\" href=\"https:\/\/terre-di-toscana.com\/terreditoscana\/wp-content\/uploads\/2018\/02\/museolio.jpg\" title=\"museolio\" data-dt-img-description=\"\" data-large_image_width=\"800\" data-large_image_height = \"533\"  style=\"\"><img class=\"preload-me lazy-load aspect\" src=\"data:image\/svg+xml,%3Csvg%20xmlns%3D&#39;http%3A%2F%2Fwww.w3.org%2F2000%2Fsvg&#39;%20viewBox%3D&#39;0%200%20500%20333&#39;%2F%3E\" data-src=\"https:\/\/terre-di-toscana.com\/terreditoscana\/wp-content\/uploads\/2018\/02\/museolio-500x333.jpg\" data-srcset=\"https:\/\/terre-di-toscana.com\/terreditoscana\/wp-content\/uploads\/2018\/02\/museolio-500x333.jpg 500w, https:\/\/terre-di-toscana.com\/terreditoscana\/wp-content\/uploads\/2018\/02\/museolio.jpg 800w\" loading=\"eager\" style=\"--ratio: 500 \/ 333\" sizes=\"(max-width: 500px) 100vw, 500px\" width=\"500\" height=\"333\"  data-dt-location=\"https:\/\/terre-di-toscana.com\/terreditoscana\/seggiano\/museolio\/\" alt=\"\" \/><\/a><\/div><\/div><\/div>[\/vc_column][\/vc_row]<\/p>\n<\/section>","protected":false},"excerpt":{"rendered":"<p>[vc_row][vc_column width=&#8221;2\/3&#8243;][vc_column_text]Seggiano, posto a 491 metri sopra il livello del mare, \u00e8 il pi\u00f9 basso dei Comuni che si dividono il cono amiatino. Abitato indubbiamente nel periodo etrusco, come stanno a dimostrare i numerosi reperti rinvenuti nel territorio, il suo toponimo \u00e8 stato oggetto di svariate disquisizioni da parte degli storici. Chi vi ravvisa una&hellip;<\/p>\n","protected":false},"author":1,"featured_media":0,"parent":0,"menu_order":0,"comment_status":"closed","ping_status":"closed","template":"","meta":[],"_links":{"self":[{"href":"https:\/\/terre-di-toscana.com\/terreditoscana\/wp-json\/wp\/v2\/pages\/4620"}],"collection":[{"href":"https:\/\/terre-di-toscana.com\/terreditoscana\/wp-json\/wp\/v2\/pages"}],"about":[{"href":"https:\/\/terre-di-toscana.com\/terreditoscana\/wp-json\/wp\/v2\/types\/page"}],"author":[{"embeddable":true,"href":"https:\/\/terre-di-toscana.com\/terreditoscana\/wp-json\/wp\/v2\/users\/1"}],"replies":[{"embeddable":true,"href":"https:\/\/terre-di-toscana.com\/terreditoscana\/wp-json\/wp\/v2\/comments?post=4620"}],"version-history":[{"count":8,"href":"https:\/\/terre-di-toscana.com\/terreditoscana\/wp-json\/wp\/v2\/pages\/4620\/revisions"}],"predecessor-version":[{"id":6870,"href":"https:\/\/terre-di-toscana.com\/terreditoscana\/wp-json\/wp\/v2\/pages\/4620\/revisions\/6870"}],"wp:attachment":[{"href":"https:\/\/terre-di-toscana.com\/terreditoscana\/wp-json\/wp\/v2\/media?parent=4620"}],"curies":[{"name":"wp","href":"https:\/\/api.w.org\/{rel}","templated":true}]}}