{"id":4609,"date":"2017-12-12T12:44:34","date_gmt":"2017-12-12T11:44:34","guid":{"rendered":"http:\/\/terre-di-toscana.com\/terreditoscana\/?page_id=4609"},"modified":"2018-03-26T18:01:31","modified_gmt":"2018-03-26T16:01:31","slug":"abbadia-san-salvatore","status":"publish","type":"page","link":"https:\/\/terre-di-toscana.com\/terreditoscana\/abbadia-san-salvatore\/","title":{"rendered":"Abbadia San Salvatore"},"content":{"rendered":"<section class=\"wpb-content-wrapper\"><p>[vc_row][vc_column width=&#8221;2\/3&#8243;][vc_column_text]<strong>Abbadia San Salvatore<\/strong>, posto a 832 metri sopra il livello del mare, \u00e8 il paese pi\u00f9 antico e popoloso del Monte Amiata. Le prime frequentazioni umane sono attestate gi\u00e0 a partire dal periodo protostorico, come testimonia la figura di un <strong>arciere<\/strong> dipinta all\u2019interno di un riparo naturale.<\/p>\n<p>Il nome del paese deriva dall\u2019antichissima abbazia benedettina fondata nella prima met\u00e0 dell\u2019VIII secolo. La fondazione del <strong>monastero<\/strong> del S.S.mo Salvatore al Monte Amiata fu voluta dal re longobardo Ratchis al quale, secondo la leggenda, apparve il Salvatore sopra alla cima di un abete bianco. Tale apparizione \u00e8 rappresentata nello stemma del Comune, dove per\u00f2 l\u2019albero di abete \u00e8 sostituito dal castagno, a simboleggiare quella che \u00e8 stata per secoli la prima di fonte di sostentamento delle comunit\u00e0 locali.<\/p>\n<p>L\u2019abbazia, della quale fu primo abate Erfo, nobile longobardo, era situata in un luogo climaticamente favorevole e ricco di acque, un punto strategico per lo sfruttamento e il controllo della zona che arrivava fino alla valle del Paglia.<\/p>\n<p>Posta come tappa sulla futura <strong>via Francigena<\/strong> o <em>Romea<\/em>, San Salvatore in poco tempo divenne una delle pi\u00f9 potenti e ricche abbazie della Toscana meridionale.<\/p>\n<p>L\u2019importanza dell\u2019abbazia come luogo di pellegrinaggio e di venerazione \u00e8 comprovata da documenti imperiali altomedioevali. Le relazioni con l\u2019impero e la Francigena spiegano i preziosi oggetti d\u2019arte conservati: la Casula di San Marco, piviale sciamito del secolo VIII; il reliquiario scoto irlandese dell\u2019VIII secolo; il Crocifisso ligneo di fine sec. XI, forse di artista della Borgogna o di artista della Westfalia o Svevia; il busto reliquiario di San Marco Papa, patrono del paese celebrato il 19 settembre.<\/p>\n<p>Presso l\u2019abbazia per secoli \u00e8 stata conservata la cosiddetta <strong>Bibbia Amiatina<\/strong>. Realizzata nei monasteri di Jarrow e Wearmouth in Northumbria, di dimensioni imponenti, fu donata al papa Gregorio II. A partire dal XV secolo, per motivi ancora dubbi, il magnifico cimelio trov\u00f2 dimora presso l\u2019abbazia fino al 1782, data in cui la bibbia, per ordine del Granduca Pietro Leopoldo di Toscana fu trasferita nella Biblioteca Medicea Laurenziana di Firenze.<\/p>\n<p>Fra le personalit\u00e0 che fecero sosta nel monastero si ricorda la permanenza negli anni 938-940 di Oddone, abate di Cluny, in viaggio verso Roma, che soggiorn\u00f2 presso l\u2019abbazia per via delle forti nevicate e Carlo Magno che vi sost\u00f2 nell\u2019800 quando il suo esercit\u00f2, colpito dalla peste, fu\u00a0 curato dai monaci benedettini.<\/p>\n<p>Pio II nei suoi <em>Commentarii, <\/em>uno dei libri pi\u00f9 belli e profondi del primo Rinascimento, descrive Abbadia San Salvatore, e non senza entusiasmo, come un posto molto felice. Costruito con la pietra locale vulcanica, la \u201ctrachite\u201d, il <strong>Castel di Badia<\/strong> divenne uno dei pi\u00f9 importanti borghi della Toscana meridionale. Fu conteso tra Orvieto e Siena nel XIII secolo, finch\u00e9 entr\u00f2 sotto il controllo senese nel 1347. La prima fase insediativa murata, pu\u00f2 essere individuata con la sua forma ovale avente un\u2019unica via all\u2019interno: la Castellina, essa posta a poche centinaia di metri dall\u2019Abbazia fu il primo nucleo del castello. Il successivo ampliamento del <em>castrum<\/em> fu impostato su quattro assi viari che vanno da nord a sud e che si volgono verso il cuore del centro storico, ossia Piazza Santa Croce dov\u2019\u00e8 collocata la chiesa e il Palazzo Pubblico. Le quattro direttrici principali sono Via dei Fabbri (oggi Garibaldi), Via di Mezzo (Maraghini), Corso Maggiore (Filippo Neri) e Via Mazzini posto verso la Valle del Paglia. Le porte di accesso del borgo sono La Porta dell\u2019Abbadia, che si apre verso l\u2019abbazia, La Porta Nuova o del Torrione che si apre verso la Valle del Paglia, La Porticciola che collega il castello al borgo e infine la Porta del Cassero, dove sorgeva la struttura fortificata pi\u00f9 importante e che si apre verso il Monumento ai caduti della Prima Guerra Mondiale.<\/p>\n<p>In epoca moderna il <strong>cinabro<\/strong> \u00e8 stato l\u2019elemento che trasform\u00f2 il Monte Amiata in uno dei <strong>pi\u00f9 importanti centri minerari<\/strong> del mondo per la produzione di mercurio e la miniera di Abbadia San Salvatore divenne tra le pi\u00f9 importanti a livello mondiale. Aperta da tecnici e banchieri tedeschi nel 1897 trasform\u00f2 il volto e l\u2019economia di Abbadia San Salvatore rendendolo ben presto uno dei paesi montani pi\u00f9 ricchi d\u2019Italia. Grazie alla nuova economia industriale il paese crebbe sia dal punto di vista demografico che urbanistico. Chiusa nel 1976 l\u2019area mineraria \u00e8 diventata un <strong>parco di archeologia industriale<\/strong>, fiore all\u2019occhiello del Parco Nazionale delle Miniere dell\u2019Amiata.[\/vc_column_text][\/vc_column][vc_column width=&#8221;1\/3&#8243;]<style type=\"text\/css\" data-type=\"the7_shortcodes-inline-css\">.shortcode-single-image-wrap.shortcode-single-image-8c0c05b94e2b1e775b0d5b15c339b054.enable-bg-rollover .rollover i,\n.shortcode-single-image-wrap.shortcode-single-image-8c0c05b94e2b1e775b0d5b15c339b054.enable-bg-rollover .rollover-video i {\n  background: ;\n  background: -webkit-linear-gradient();\n  background: linear-gradient();\n}\n.shortcode-single-image-wrap.shortcode-single-image-8c0c05b94e2b1e775b0d5b15c339b054 .rollover-icon {\n  font-size: 32px;\n  color: #ffffff;\n  min-width: 44px;\n  min-height: 44px;\n  line-height: 44px;\n  border-radius: 100px;\n  border-style: solid;\n  border-width: 0px;\n}\n.dt-icon-bg-on.shortcode-single-image-wrap.shortcode-single-image-8c0c05b94e2b1e775b0d5b15c339b054 .rollover-icon {\n  background: rgba(255,255,255,0.3);\n  -webkit-box-shadow: none;\n  box-shadow: none;\n}\n<\/style><div class=\"shortcode-single-image-wrap shortcode-single-image-8c0c05b94e2b1e775b0d5b15c339b054 alignnone  enable-bg-rollover dt-icon-bg-off\" style=\"margin-top:0px; margin-bottom:0px; margin-left:0px; margin-right:0px; width:500px;\"><div class=\"shortcode-single-image\"><div class=\"fancy-media-wrap\" style=\"\"><a class=\"layzr-bg rollover rollover-zoom dt-pswp-item pswp-image\" href=\"https:\/\/terre-di-toscana.com\/terreditoscana\/wp-content\/uploads\/2018\/03\/abbadia.jpg\" title=\"abbadia\" data-dt-img-description=\"\" data-large_image_width=\"696\" data-large_image_height = \"463\"  style=\"\"><img class=\"preload-me lazy-load aspect\" src=\"data:image\/svg+xml,%3Csvg%20xmlns%3D&#39;http%3A%2F%2Fwww.w3.org%2F2000%2Fsvg&#39;%20viewBox%3D&#39;0%200%20500%20332&#39;%2F%3E\" data-src=\"https:\/\/terre-di-toscana.com\/terreditoscana\/wp-content\/uploads\/2018\/03\/abbadia-500x332.jpg\" data-srcset=\"https:\/\/terre-di-toscana.com\/terreditoscana\/wp-content\/uploads\/2018\/03\/abbadia-500x332.jpg 500w, https:\/\/terre-di-toscana.com\/terreditoscana\/wp-content\/uploads\/2018\/03\/abbadia.jpg 696w\" loading=\"eager\" style=\"--ratio: 500 \/ 332\" sizes=\"(max-width: 500px) 100vw, 500px\" width=\"500\" height=\"332\"  data-dt-location=\"https:\/\/terre-di-toscana.com\/terreditoscana\/abbadia-san-salvatore\/abbadia\/\" alt=\"\" \/><\/a><\/div><\/div><\/div>[vc_empty_space height=&#8221;15px&#8221;]<style type=\"text\/css\" data-type=\"the7_shortcodes-inline-css\">.shortcode-single-image-wrap.shortcode-single-image-5b6e14ac233ca879aa3814e15042b1e6.enable-bg-rollover .rollover i,\n.shortcode-single-image-wrap.shortcode-single-image-5b6e14ac233ca879aa3814e15042b1e6.enable-bg-rollover .rollover-video i {\n  background: ;\n  background: -webkit-linear-gradient();\n  background: linear-gradient();\n}\n.shortcode-single-image-wrap.shortcode-single-image-5b6e14ac233ca879aa3814e15042b1e6 .rollover-icon {\n  font-size: 32px;\n  color: #ffffff;\n  min-width: 44px;\n  min-height: 44px;\n  line-height: 44px;\n  border-radius: 100px;\n  border-style: solid;\n  border-width: 0px;\n}\n.dt-icon-bg-on.shortcode-single-image-wrap.shortcode-single-image-5b6e14ac233ca879aa3814e15042b1e6 .rollover-icon {\n  background: rgba(255,255,255,0.3);\n  -webkit-box-shadow: none;\n  box-shadow: none;\n}\n<\/style><div class=\"shortcode-single-image-wrap shortcode-single-image-5b6e14ac233ca879aa3814e15042b1e6 alignnone  enable-bg-rollover dt-icon-bg-off\" style=\"margin-top:0px; margin-bottom:0px; margin-left:0px; margin-right:0px; width:500px;\"><div class=\"shortcode-single-image\"><div class=\"fancy-media-wrap  layzr-bg\" style=\"\"><img class=\"preload-me lazy-load aspect\" src=\"data:image\/svg+xml,%3Csvg%20xmlns%3D&#39;http%3A%2F%2Fwww.w3.org%2F2000%2Fsvg&#39;%20viewBox%3D&#39;0%200%20500%20333&#39;%2F%3E\" data-src=\"https:\/\/terre-di-toscana.com\/terreditoscana\/wp-content\/uploads\/2018\/03\/terreditoscana0541-500x333.jpg\" data-srcset=\"https:\/\/terre-di-toscana.com\/terreditoscana\/wp-content\/uploads\/2018\/03\/terreditoscana0541-500x333.jpg 500w, https:\/\/terre-di-toscana.com\/terreditoscana\/wp-content\/uploads\/2018\/03\/terreditoscana0541.jpg 800w\" loading=\"eager\" sizes=\"(max-width: 500px) 100vw, 500px\" width=\"500\" height=\"333\"  data-dt-location=\"https:\/\/terre-di-toscana.com\/terreditoscana\/abbadia-san-salvatore\/terreditoscana0541\/\" style=\"--ratio: 500 \/ 333;\" alt=\"\" \/><\/div><\/div><\/div>[vc_empty_space height=&#8221;15px&#8221;]<style type=\"text\/css\" data-type=\"the7_shortcodes-inline-css\">.shortcode-single-image-wrap.shortcode-single-image-be5d915d2befb0c2939147c5d93d130e.enable-bg-rollover .rollover i,\n.shortcode-single-image-wrap.shortcode-single-image-be5d915d2befb0c2939147c5d93d130e.enable-bg-rollover .rollover-video i {\n  background: ;\n  background: -webkit-linear-gradient();\n  background: linear-gradient();\n}\n.shortcode-single-image-wrap.shortcode-single-image-be5d915d2befb0c2939147c5d93d130e .rollover-icon {\n  font-size: 32px;\n  color: #ffffff;\n  min-width: 44px;\n  min-height: 44px;\n  line-height: 44px;\n  border-radius: 100px;\n  border-style: solid;\n  border-width: 0px;\n}\n.dt-icon-bg-on.shortcode-single-image-wrap.shortcode-single-image-be5d915d2befb0c2939147c5d93d130e .rollover-icon {\n  background: rgba(255,255,255,0.3);\n  -webkit-box-shadow: none;\n  box-shadow: none;\n}\n<\/style><div class=\"shortcode-single-image-wrap shortcode-single-image-be5d915d2befb0c2939147c5d93d130e alignnone  enable-bg-rollover dt-icon-bg-off\" style=\"margin-top:0px; margin-bottom:0px; margin-left:0px; margin-right:0px; width:500px;\"><div class=\"shortcode-single-image\"><div class=\"fancy-media-wrap\" style=\"\"><a class=\"layzr-bg rollover rollover-zoom dt-pswp-item pswp-image\" href=\"https:\/\/terre-di-toscana.com\/terreditoscana\/wp-content\/uploads\/2018\/02\/cripta.jpg\" title=\"cripta\" data-dt-img-description=\"\" data-large_image_width=\"800\" data-large_image_height = \"533\"  style=\"\"><img class=\"preload-me lazy-load aspect\" src=\"data:image\/svg+xml,%3Csvg%20xmlns%3D&#39;http%3A%2F%2Fwww.w3.org%2F2000%2Fsvg&#39;%20viewBox%3D&#39;0%200%20500%20333&#39;%2F%3E\" data-src=\"https:\/\/terre-di-toscana.com\/terreditoscana\/wp-content\/uploads\/2018\/02\/cripta-500x333.jpg\" data-srcset=\"https:\/\/terre-di-toscana.com\/terreditoscana\/wp-content\/uploads\/2018\/02\/cripta-500x333.jpg 500w, https:\/\/terre-di-toscana.com\/terreditoscana\/wp-content\/uploads\/2018\/02\/cripta.jpg 800w\" loading=\"eager\" style=\"--ratio: 500 \/ 333\" sizes=\"(max-width: 500px) 100vw, 500px\" width=\"500\" height=\"333\"  data-dt-location=\"https:\/\/terre-di-toscana.com\/terreditoscana\/abbadia-san-salvatore\/cripta-2\/\" alt=\"\" \/><\/a><\/div><\/div><\/div>[vc_empty_space height=&#8221;15px&#8221;]<style type=\"text\/css\" data-type=\"the7_shortcodes-inline-css\">.shortcode-single-image-wrap.shortcode-single-image-30f4b3b34f6d2eb2217d7b1549bf3840.enable-bg-rollover .rollover i,\n.shortcode-single-image-wrap.shortcode-single-image-30f4b3b34f6d2eb2217d7b1549bf3840.enable-bg-rollover .rollover-video i {\n  background: ;\n  background: -webkit-linear-gradient();\n  background: linear-gradient();\n}\n.shortcode-single-image-wrap.shortcode-single-image-30f4b3b34f6d2eb2217d7b1549bf3840 .rollover-icon {\n  font-size: 32px;\n  color: #ffffff;\n  min-width: 44px;\n  min-height: 44px;\n  line-height: 44px;\n  border-radius: 100px;\n  border-style: solid;\n  border-width: 0px;\n}\n.dt-icon-bg-on.shortcode-single-image-wrap.shortcode-single-image-30f4b3b34f6d2eb2217d7b1549bf3840 .rollover-icon {\n  background: rgba(255,255,255,0.3);\n  -webkit-box-shadow: none;\n  box-shadow: none;\n}\n<\/style><div class=\"shortcode-single-image-wrap shortcode-single-image-30f4b3b34f6d2eb2217d7b1549bf3840 alignnone  enable-bg-rollover dt-icon-bg-off\" style=\"margin-top:0px; margin-bottom:0px; margin-left:0px; margin-right:0px; width:500px;\"><div class=\"shortcode-single-image\"><div class=\"fancy-media-wrap\" style=\"\"><a class=\"layzr-bg rollover rollover-zoom dt-pswp-item pswp-image\" href=\"https:\/\/terre-di-toscana.com\/terreditoscana\/wp-content\/uploads\/2018\/02\/borgo-porta.jpg\" title=\"Abbadia San Salvatore\" data-dt-img-description=\"\" data-large_image_width=\"800\" data-large_image_height = \"533\"  style=\"\"><img class=\"preload-me lazy-load aspect\" src=\"data:image\/svg+xml,%3Csvg%20xmlns%3D&#39;http%3A%2F%2Fwww.w3.org%2F2000%2Fsvg&#39;%20viewBox%3D&#39;0%200%20500%20333&#39;%2F%3E\" data-src=\"https:\/\/terre-di-toscana.com\/terreditoscana\/wp-content\/uploads\/2018\/02\/borgo-porta-500x333.jpg\" data-srcset=\"https:\/\/terre-di-toscana.com\/terreditoscana\/wp-content\/uploads\/2018\/02\/borgo-porta-500x333.jpg 500w, https:\/\/terre-di-toscana.com\/terreditoscana\/wp-content\/uploads\/2018\/02\/borgo-porta.jpg 800w\" loading=\"eager\" style=\"--ratio: 500 \/ 333\" sizes=\"(max-width: 500px) 100vw, 500px\" width=\"500\" height=\"333\"  data-dt-location=\"https:\/\/terre-di-toscana.com\/terreditoscana\/abbadia-san-salvatore\/borgo-porta\/\" alt=\"\" \/><\/a><\/div><\/div><\/div>[vc_empty_space height=&#8221;15px&#8221;]<style type=\"text\/css\" data-type=\"the7_shortcodes-inline-css\">.shortcode-single-image-wrap.shortcode-single-image-70905858f78f0efa4f5ea1b21ba48299.enable-bg-rollover .rollover i,\n.shortcode-single-image-wrap.shortcode-single-image-70905858f78f0efa4f5ea1b21ba48299.enable-bg-rollover .rollover-video i {\n  background: ;\n  background: -webkit-linear-gradient();\n  background: linear-gradient();\n}\n.shortcode-single-image-wrap.shortcode-single-image-70905858f78f0efa4f5ea1b21ba48299 .rollover-icon {\n  font-size: 32px;\n  color: #ffffff;\n  min-width: 44px;\n  min-height: 44px;\n  line-height: 44px;\n  border-radius: 100px;\n  border-style: solid;\n  border-width: 0px;\n}\n.dt-icon-bg-on.shortcode-single-image-wrap.shortcode-single-image-70905858f78f0efa4f5ea1b21ba48299 .rollover-icon {\n  background: rgba(255,255,255,0.3);\n  -webkit-box-shadow: none;\n  box-shadow: none;\n}\n<\/style><div class=\"shortcode-single-image-wrap shortcode-single-image-70905858f78f0efa4f5ea1b21ba48299 alignnone  enable-bg-rollover dt-icon-bg-off\" style=\"margin-top:0px; margin-bottom:0px; margin-left:0px; margin-right:0px; width:500px;\"><div class=\"shortcode-single-image\"><div class=\"fancy-media-wrap\" style=\"\"><a class=\"layzr-bg rollover rollover-zoom dt-pswp-item pswp-image\" href=\"https:\/\/terre-di-toscana.com\/terreditoscana\/wp-content\/uploads\/2013\/12\/min.jpg\" title=\"treno minatori\" data-dt-img-description=\"\" data-large_image_width=\"990\" data-large_image_height = \"660\"  style=\"\"><img class=\"preload-me lazy-load aspect\" src=\"data:image\/svg+xml,%3Csvg%20xmlns%3D&#39;http%3A%2F%2Fwww.w3.org%2F2000%2Fsvg&#39;%20viewBox%3D&#39;0%200%20500%20333&#39;%2F%3E\" data-src=\"https:\/\/terre-di-toscana.com\/terreditoscana\/wp-content\/uploads\/2013\/12\/min-500x333.jpg\" data-srcset=\"https:\/\/terre-di-toscana.com\/terreditoscana\/wp-content\/uploads\/2013\/12\/min-500x333.jpg 500w, https:\/\/terre-di-toscana.com\/terreditoscana\/wp-content\/uploads\/2013\/12\/min.jpg 989w\" loading=\"eager\" style=\"--ratio: 500 \/ 333\" sizes=\"(max-width: 500px) 100vw, 500px\" width=\"500\" height=\"333\"  data-dt-location=\"https:\/\/terre-di-toscana.com\/terreditoscana\/?attachment_id=2547\" alt=\"\" \/><\/a><\/div><\/div><\/div>[\/vc_column][\/vc_row]<\/p>\n<\/section>","protected":false},"excerpt":{"rendered":"<p>[vc_row][vc_column width=&#8221;2\/3&#8243;][vc_column_text]Abbadia San Salvatore, posto a 832 metri sopra il livello del mare, \u00e8 il paese pi\u00f9 antico e popoloso del Monte Amiata. Le prime frequentazioni umane sono attestate gi\u00e0 a partire dal periodo protostorico, come testimonia la figura di un arciere dipinta all\u2019interno di un riparo naturale. Il nome del paese deriva dall\u2019antichissima abbazia&hellip;<\/p>\n","protected":false},"author":1,"featured_media":0,"parent":0,"menu_order":0,"comment_status":"closed","ping_status":"closed","template":"","meta":[],"_links":{"self":[{"href":"https:\/\/terre-di-toscana.com\/terreditoscana\/wp-json\/wp\/v2\/pages\/4609"}],"collection":[{"href":"https:\/\/terre-di-toscana.com\/terreditoscana\/wp-json\/wp\/v2\/pages"}],"about":[{"href":"https:\/\/terre-di-toscana.com\/terreditoscana\/wp-json\/wp\/v2\/types\/page"}],"author":[{"embeddable":true,"href":"https:\/\/terre-di-toscana.com\/terreditoscana\/wp-json\/wp\/v2\/users\/1"}],"replies":[{"embeddable":true,"href":"https:\/\/terre-di-toscana.com\/terreditoscana\/wp-json\/wp\/v2\/comments?post=4609"}],"version-history":[{"count":17,"href":"https:\/\/terre-di-toscana.com\/terreditoscana\/wp-json\/wp\/v2\/pages\/4609\/revisions"}],"predecessor-version":[{"id":6213,"href":"https:\/\/terre-di-toscana.com\/terreditoscana\/wp-json\/wp\/v2\/pages\/4609\/revisions\/6213"}],"wp:attachment":[{"href":"https:\/\/terre-di-toscana.com\/terreditoscana\/wp-json\/wp\/v2\/media?parent=4609"}],"curies":[{"name":"wp","href":"https:\/\/api.w.org\/{rel}","templated":true}]}}